{"id":962,"date":"2025-05-06T15:07:58","date_gmt":"2025-05-06T15:07:58","guid":{"rendered":"https:\/\/lakshmitransformation.com\/?post_type=product&#038;p=962"},"modified":"2025-05-06T15:33:46","modified_gmt":"2025-05-06T15:33:46","slug":"rent-a-house","status":"publish","type":"product","link":"https:\/\/lakshmitransformation.com\/hr\/proizvod\/rent-a-house\/","title":{"rendered":"Rent a House"},"content":{"rendered":"<p>Dobrodo\u0161li u mirno uto\u010di\u0161te smje\u0161teno me\u0111u \u0161umama i blagim bre\u017euljcima\u00a0<strong>Vukomeri\u010dkih Gorica<\/strong>\u00a0\u2014 mjesto gdje vas priroda grli, a ti\u0161ina govori.<\/p>","protected":false},"excerpt":{"rendered":"<p>Dobrodo\u0161li u mirno uto\u010di\u0161te smje\u0161teno me\u0111u \u0161umama i blagim bre\u017euljcima\u00a0<strong>Vukomeri\u010dkih Gorica<\/strong>\u00a0\u2014 mjesto gdje vas priroda grli, a ti\u0161ina govori.<\/p>","protected":false},"featured_media":381,"comment_status":"open","ping_status":"closed","template":"","meta":{"_monsterinsights_skip_tracking":false,"_monsterinsights_sitenote_active":false,"_monsterinsights_sitenote_note":"","_monsterinsights_sitenote_category":0},"product_brand":[],"product_cat":[23],"product_tag":[],"class_list":{"0":"post-962","1":"product","2":"type-product","3":"status-publish","4":"has-post-thumbnail","6":"product_cat-uncategorised","8":"first","9":"instock","10":"shipping-taxable","11":"purchasable","12":"product-type-simple","13":"col-sm-6"},"_links":{"self":[{"href":"https:\/\/lakshmitransformation.com\/hr\/wp-json\/wp\/v2\/product\/962","targetHints":{"allow":["GET"]}}],"collection":[{"href":"https:\/\/lakshmitransformation.com\/hr\/wp-json\/wp\/v2\/product"}],"about":[{"href":"https:\/\/lakshmitransformation.com\/hr\/wp-json\/wp\/v2\/types\/product"}],"replies":[{"embeddable":true,"href":"https:\/\/lakshmitransformation.com\/hr\/wp-json\/wp\/v2\/comments?post=962"}],"wp:featuredmedia":[{"embeddable":true,"href":"https:\/\/lakshmitransformation.com\/hr\/wp-json\/wp\/v2\/media\/381"}],"wp:attachment":[{"href":"https:\/\/lakshmitransformation.com\/hr\/wp-json\/wp\/v2\/media?parent=962"}],"wp:term":[{"taxonomy":"product_brand","embeddable":true,"href":"https:\/\/lakshmitransformation.com\/hr\/wp-json\/wp\/v2\/product_brand?post=962"},{"taxonomy":"product_cat","embeddable":true,"href":"https:\/\/lakshmitransformation.com\/hr\/wp-json\/wp\/v2\/product_cat?post=962"},{"taxonomy":"product_tag","embeddable":true,"href":"https:\/\/lakshmitransformation.com\/hr\/wp-json\/wp\/v2\/product_tag?post=962"}],"curies":[{"name":"wp","href":"https:\/\/api.w.org\/{rel}","templated":true}]}}