{"id":798,"date":"2025-04-29T10:57:49","date_gmt":"2025-04-29T10:57:49","guid":{"rendered":"https:\/\/lakshmitransformation.com\/?post_type=product&#038;p=798"},"modified":"2025-05-06T15:12:58","modified_gmt":"2025-05-06T15:12:58","slug":"reconnect-with-your-being-and-live-your-passion","status":"publish","type":"product","link":"https:\/\/lakshmitransformation.com\/hr\/proizvod\/reconnect-with-your-being-and-live-your-passion\/","title":{"rendered":"\"Ukorijenjen u Bivanju, Vo\u0111en Stra\u0161\u0107u\""},"content":{"rendered":"<p>Note: The payment of \u20ac600 is a non-refundable deposit you use to reserve your seat.<\/p>\n<p>Reconnect with your Being and live your passion<br \/>\n22. November &#8211; 1. December<\/p>\n<p>Mojigao Eco Resort, Assagao, North\u00a0Goa,\u00a0India<\/p>","protected":false},"excerpt":{"rendered":"<p>Note: The payment of \u20ac600 is a non-refundable deposit you use to reserve your seat.<\/p>\n<p>Reconnect with your Being and live your passion<br \/>\n22. November &#8211; 1. December<br \/>\nMojigao Eco Resort, Assagao, North\u00a0Goa,\u00a0India<\/p>","protected":false},"featured_media":733,"comment_status":"open","ping_status":"closed","template":"","meta":{"_monsterinsights_skip_tracking":false,"_monsterinsights_sitenote_active":false,"_monsterinsights_sitenote_note":"","_monsterinsights_sitenote_category":0},"product_brand":[],"product_cat":[23],"product_tag":[],"class_list":{"0":"post-798","1":"product","2":"type-product","3":"status-publish","4":"has-post-thumbnail","6":"product_cat-uncategorised","8":"first","9":"instock","10":"shipping-taxable","11":"purchasable","12":"product-type-simple","13":"col-sm-6"},"_links":{"self":[{"href":"https:\/\/lakshmitransformation.com\/hr\/wp-json\/wp\/v2\/product\/798","targetHints":{"allow":["GET"]}}],"collection":[{"href":"https:\/\/lakshmitransformation.com\/hr\/wp-json\/wp\/v2\/product"}],"about":[{"href":"https:\/\/lakshmitransformation.com\/hr\/wp-json\/wp\/v2\/types\/product"}],"replies":[{"embeddable":true,"href":"https:\/\/lakshmitransformation.com\/hr\/wp-json\/wp\/v2\/comments?post=798"}],"wp:featuredmedia":[{"embeddable":true,"href":"https:\/\/lakshmitransformation.com\/hr\/wp-json\/wp\/v2\/media\/733"}],"wp:attachment":[{"href":"https:\/\/lakshmitransformation.com\/hr\/wp-json\/wp\/v2\/media?parent=798"}],"wp:term":[{"taxonomy":"product_brand","embeddable":true,"href":"https:\/\/lakshmitransformation.com\/hr\/wp-json\/wp\/v2\/product_brand?post=798"},{"taxonomy":"product_cat","embeddable":true,"href":"https:\/\/lakshmitransformation.com\/hr\/wp-json\/wp\/v2\/product_cat?post=798"},{"taxonomy":"product_tag","embeddable":true,"href":"https:\/\/lakshmitransformation.com\/hr\/wp-json\/wp\/v2\/product_tag?post=798"}],"curies":[{"name":"wp","href":"https:\/\/api.w.org\/{rel}","templated":true}]}}