{"id":679,"date":"2025-04-25T14:05:13","date_gmt":"2025-04-25T14:05:13","guid":{"rendered":"https:\/\/lakshmitransformation.com\/?page_id=679"},"modified":"2025-11-12T08:00:14","modified_gmt":"2025-11-12T08:00:14","slug":"retreat-space-rent-lakshmi","status":"publish","type":"page","link":"https:\/\/lakshmitransformation.com\/hr\/retreat-space-rent-lakshmi\/","title":{"rendered":"Retreat Prostor za Najam"},"content":{"rendered":"<h2 class=\"wp-block-heading\">Najam prostora za seanse, krugove, ceremonije i retreate<\/h2>\n\n\n\n<p class=\"translation-block\">Dobrodo\u0161li u mirno drveno uto\u010di\u0161te smje\u0161teno me\u0111u \u0161umama i bre\u017euljcima <strong>Vukomeri\u010dkih Gorica<\/strong> \u2014 mjesto u zagrljaju prirode, gdje ti\u0161ina govori.<\/p>\n\n\n\n<p><strong>Na\u0161e uto\u010di\u0161te je mjesto spoja povijesti i namjere.<\/strong><br>Svaka gra\u0111evina u Lakshmi Transformation pa\u017eljivo je stvorena od recikliranih materijala. Drvene konstrukcije izra\u0111ene su od ku\u0107a starijih od 100 godina, nose\u0107i pri\u010de i mudrost pro\u0161lih generacija. Na\u0161i su krovovi prekriveni tradicionalnim glinenim crijepom, u \u010dast bezvremenskog zanatstva.<\/p>\n\n\n\n<p>\u010cak su i umjetnine i namje\u0161taj koje \u0107ete ovdje prona\u0107i puni zna\u010denja \u2014 izra\u0111eni od obnovljenog drva, recikliranih komada ili obnovljivih materijala, podsje\u0107aju\u0107i nas da ljepota mo\u017ee nastati iz onoga \u0161to ve\u0107 postoji.<\/p>\n\n\n\n<p><strong>Mi po\u0161tujemo oboje, prirodu i ljude.<\/strong><br>Ovo je mjesto gdje se sve i svi susre\u0107u \u2014 podsjetnik da smo, na kraju, svi duboko povezani.<\/p>\n\n\n\n<p id=\"sancturay\"><br>Na\u0161 prostor je stvoren s ljubavlju i pa\u017enjom da ugosti <a href=\"https:\/\/lakshmitransformation.com\/hr\/workshops\/\">radionice<\/a>, <a href=\"https:\/\/lakshmitransformation.com\/hr\/therapy-and-walking-therapy\/\">terapije<\/a>, <a href=\"https:\/\/lakshmitransformation.com\/hr\/kismay-karpay-sacred-feminine-ritual\/\">ceremonije<\/a> i <a href=\"https:\/\/lakshmitransformation.com\/hr\/lakshmi-retreats\/\">retreate<\/a>. Svaki kutak vas poziva da usporite, odmorite se i pove\u017eete \u2014 sa sobom, s drugima i s ne\u010dim ve\u0107im.<\/p>\n\n\n\n<p>Ovaj je prostor \u017eivi primjer odr\u017eivosti, brige i po\u0161tovanja prema Zemlji \u2014 savr\u0161eno okru\u017eenje za va\u0161u vlastitu transformaciju.<\/p>\n\n\n<style>.wp-block-kadence-advancedgallery .kb-gallery-type-masonry.kb-gallery-id-679_93e3b7-2c{margin:-5px;}.kb-gallery-type-masonry.kb-gallery-id-679_93e3b7-2c .kadence-blocks-gallery-item{padding:5px;}.kb-gallery-id-679_93e3b7-2c .kadence-blocks-gallery-item .kb-gal-image-radius, .kb-gallery-id-679_93e3b7-2c .kb-slide-item .kb-gal-image-radius img{border-radius:0px 0px 0px 0px;;}<\/style><div class=\"kb-gallery-wrap-id-679_93e3b7-2c alignnone wp-block-kadence-advancedgallery\"><ul class=\"kb-gallery-ul kb-gallery-non-static kb-gallery-type-masonry kb-masonry-init kb-gallery-id-679_93e3b7-2c kb-gallery-caption-style-bottom-hover kb-gallery-filter-none\" data-image-filter=\"none\" data-item-selector=\".kadence-blocks-gallery-item\" data-lightbox-caption=\"true\" data-columns-xxl=\"2\" data-columns-xl=\"2\" data-columns-md=\"2\" data-columns-sm=\"2\" data-columns-xs=\"1\" data-columns-ss=\"1\"><li class=\"kadence-blocks-gallery-item\" tabindex=\"0\"><div class=\"kadence-blocks-gallery-item-inner\"><figure class=\"kb-gallery-figure kadence-blocks-gallery-item-hide-caption\"><div class=\"kb-gal-image-radius\" style=\"max-width:1024px;\"><div class=\"kb-gallery-image-contain kadence-blocks-gallery-intrinsic\" style=\"padding-bottom:100%;\"><img decoding=\"async\" data-src=\"https:\/\/lakshmitransformation.com\/wp-content\/uploads\/2025\/05\/THuha-2025-04-12-DSC_0920-Lakshmi-Retreat-Center-Barbara-Da-Cruz-Full-HD-2-1024x1024.jpg\" width=\"1024\" height=\"1024\" alt=\"Outdoor group healing session space\" data-full-image=\"https:\/\/lakshmitransformation.com\/wp-content\/uploads\/2025\/05\/THuha-2025-04-12-DSC_0920-Lakshmi-Retreat-Center-Barbara-Da-Cruz-Full-HD-2.jpg\" data-light-image=\"https:\/\/lakshmitransformation.com\/wp-content\/uploads\/2025\/05\/THuha-2025-04-12-DSC_0920-Lakshmi-Retreat-Center-Barbara-Da-Cruz-Full-HD-2.jpg\" data-id=\"1023\" class=\"wp-image-1023 lazyload\" data-srcset=\"https:\/\/lakshmitransformation.com\/wp-content\/uploads\/2025\/05\/THuha-2025-04-12-DSC_0920-Lakshmi-Retreat-Center-Barbara-Da-Cruz-Full-HD-2-1024x1024.jpg 1024w, https:\/\/lakshmitransformation.com\/wp-content\/uploads\/2025\/05\/THuha-2025-04-12-DSC_0920-Lakshmi-Retreat-Center-Barbara-Da-Cruz-Full-HD-2-300x300.jpg 300w, https:\/\/lakshmitransformation.com\/wp-content\/uploads\/2025\/05\/THuha-2025-04-12-DSC_0920-Lakshmi-Retreat-Center-Barbara-Da-Cruz-Full-HD-2-768x768.jpg 768w, https:\/\/lakshmitransformation.com\/wp-content\/uploads\/2025\/05\/THuha-2025-04-12-DSC_0920-Lakshmi-Retreat-Center-Barbara-Da-Cruz-Full-HD-2-120x120.jpg 120w, https:\/\/lakshmitransformation.com\/wp-content\/uploads\/2025\/05\/THuha-2025-04-12-DSC_0920-Lakshmi-Retreat-Center-Barbara-Da-Cruz-Full-HD-2-1536x1536.jpg 1536w, https:\/\/lakshmitransformation.com\/wp-content\/uploads\/2025\/05\/THuha-2025-04-12-DSC_0920-Lakshmi-Retreat-Center-Barbara-Da-Cruz-Full-HD-2-12x12.jpg 12w, https:\/\/lakshmitransformation.com\/wp-content\/uploads\/2025\/05\/THuha-2025-04-12-DSC_0920-Lakshmi-Retreat-Center-Barbara-Da-Cruz-Full-HD-2-600x600.jpg 600w, https:\/\/lakshmitransformation.com\/wp-content\/uploads\/2025\/05\/THuha-2025-04-12-DSC_0920-Lakshmi-Retreat-Center-Barbara-Da-Cruz-Full-HD-2-100x100.jpg 100w, https:\/\/lakshmitransformation.com\/wp-content\/uploads\/2025\/05\/THuha-2025-04-12-DSC_0920-Lakshmi-Retreat-Center-Barbara-Da-Cruz-Full-HD-2.jpg 1920w\" data-sizes=\"(max-width: 1024px) 100vw, 1024px\" src=\"data:image\/gif;base64,R0lGODlhAQABAAAAACH5BAEKAAEALAAAAAABAAEAAAICTAEAOw==\" style=\"--smush-placeholder-width: 1024px; --smush-placeholder-aspect-ratio: 1024\/1024;\" \/><\/div><\/div><\/figure><\/div><\/li><li class=\"kadence-blocks-gallery-item\" tabindex=\"0\"><div class=\"kadence-blocks-gallery-item-inner\"><figure class=\"kb-gallery-figure kadence-blocks-gallery-item-hide-caption\"><div class=\"kb-gal-image-radius\" style=\"max-width:1024px;\"><div class=\"kb-gallery-image-contain kadence-blocks-gallery-intrinsic\" style=\"padding-bottom:66%;\"><img decoding=\"async\" data-src=\"https:\/\/lakshmitransformation.com\/wp-content\/uploads\/2025\/05\/THuha-2025-04-12-Lakshmi-Retreat-Center-Prostor-07-1024x684.jpg\" width=\"1024\" height=\"684\" alt=\"Space rent, kitchen\" data-full-image=\"https:\/\/lakshmitransformation.com\/wp-content\/uploads\/2025\/05\/THuha-2025-04-12-Lakshmi-Retreat-Center-Prostor-07.jpg\" data-light-image=\"https:\/\/lakshmitransformation.com\/wp-content\/uploads\/2025\/05\/THuha-2025-04-12-Lakshmi-Retreat-Center-Prostor-07.jpg\" data-id=\"1046\" class=\"wp-image-1046 lazyload\" data-srcset=\"https:\/\/lakshmitransformation.com\/wp-content\/uploads\/2025\/05\/THuha-2025-04-12-Lakshmi-Retreat-Center-Prostor-07-1024x684.jpg 1024w, https:\/\/lakshmitransformation.com\/wp-content\/uploads\/2025\/05\/THuha-2025-04-12-Lakshmi-Retreat-Center-Prostor-07-768x513.jpg 768w, https:\/\/lakshmitransformation.com\/wp-content\/uploads\/2025\/05\/THuha-2025-04-12-Lakshmi-Retreat-Center-Prostor-07-1536x1026.jpg 1536w, https:\/\/lakshmitransformation.com\/wp-content\/uploads\/2025\/05\/THuha-2025-04-12-Lakshmi-Retreat-Center-Prostor-07-18x12.jpg 18w, https:\/\/lakshmitransformation.com\/wp-content\/uploads\/2025\/05\/THuha-2025-04-12-Lakshmi-Retreat-Center-Prostor-07-600x401.jpg 600w, https:\/\/lakshmitransformation.com\/wp-content\/uploads\/2025\/05\/THuha-2025-04-12-Lakshmi-Retreat-Center-Prostor-07.jpg 1920w\" data-sizes=\"(max-width: 1024px) 100vw, 1024px\" src=\"data:image\/gif;base64,R0lGODlhAQABAAAAACH5BAEKAAEALAAAAAABAAEAAAICTAEAOw==\" style=\"--smush-placeholder-width: 1024px; --smush-placeholder-aspect-ratio: 1024\/684;\" \/><\/div><\/div><\/figure><\/div><\/li><li class=\"kadence-blocks-gallery-item\" tabindex=\"0\"><div class=\"kadence-blocks-gallery-item-inner\"><figure class=\"kb-gallery-figure kadence-blocks-gallery-item-hide-caption\"><div class=\"kb-gal-image-radius\" style=\"max-width:1024px;\"><div class=\"kb-gallery-image-contain kadence-blocks-gallery-intrinsic\" style=\"padding-bottom:66%;\"><img decoding=\"async\" data-src=\"https:\/\/lakshmitransformation.com\/wp-content\/uploads\/2025\/05\/THuha-2025-04-12-Lakshmi-Retreat-Center-Prostor-08-1024x684.jpg\" width=\"1024\" height=\"684\" alt=\"Retreat space for rent in nature\" data-full-image=\"https:\/\/lakshmitransformation.com\/wp-content\/uploads\/2025\/05\/THuha-2025-04-12-Lakshmi-Retreat-Center-Prostor-08.jpg\" data-light-image=\"https:\/\/lakshmitransformation.com\/wp-content\/uploads\/2025\/05\/THuha-2025-04-12-Lakshmi-Retreat-Center-Prostor-08.jpg\" data-id=\"1047\" class=\"wp-image-1047 lazyload\" data-srcset=\"https:\/\/lakshmitransformation.com\/wp-content\/uploads\/2025\/05\/THuha-2025-04-12-Lakshmi-Retreat-Center-Prostor-08-1024x684.jpg 1024w, https:\/\/lakshmitransformation.com\/wp-content\/uploads\/2025\/05\/THuha-2025-04-12-Lakshmi-Retreat-Center-Prostor-08-768x513.jpg 768w, https:\/\/lakshmitransformation.com\/wp-content\/uploads\/2025\/05\/THuha-2025-04-12-Lakshmi-Retreat-Center-Prostor-08-1536x1026.jpg 1536w, https:\/\/lakshmitransformation.com\/wp-content\/uploads\/2025\/05\/THuha-2025-04-12-Lakshmi-Retreat-Center-Prostor-08-18x12.jpg 18w, https:\/\/lakshmitransformation.com\/wp-content\/uploads\/2025\/05\/THuha-2025-04-12-Lakshmi-Retreat-Center-Prostor-08-600x401.jpg 600w, https:\/\/lakshmitransformation.com\/wp-content\/uploads\/2025\/05\/THuha-2025-04-12-Lakshmi-Retreat-Center-Prostor-08.jpg 1920w\" data-sizes=\"(max-width: 1024px) 100vw, 1024px\" src=\"data:image\/gif;base64,R0lGODlhAQABAAAAACH5BAEKAAEALAAAAAABAAEAAAICTAEAOw==\" style=\"--smush-placeholder-width: 1024px; --smush-placeholder-aspect-ratio: 1024\/684;\" \/><\/div><\/div><\/figure><\/div><\/li><li class=\"kadence-blocks-gallery-item\" tabindex=\"0\"><div class=\"kadence-blocks-gallery-item-inner\"><figure class=\"kb-gallery-figure kadence-blocks-gallery-item-hide-caption\"><div class=\"kb-gal-image-radius\" style=\"max-width:1024px;\"><div class=\"kb-gallery-image-contain kadence-blocks-gallery-intrinsic\" style=\"padding-bottom:75%;\"><img decoding=\"async\" data-src=\"https:\/\/lakshmitransformation.com\/wp-content\/uploads\/2025\/03\/IMG_4308-scaled-1024x768.jpeg\" width=\"1024\" height=\"768\" alt=\"outside image\" data-full-image=\"https:\/\/lakshmitransformation.com\/wp-content\/uploads\/2025\/03\/IMG_4308-scaled.jpeg\" data-light-image=\"https:\/\/lakshmitransformation.com\/wp-content\/uploads\/2025\/03\/IMG_4308-scaled.jpeg\" data-id=\"381\" class=\"wp-image-381 lazyload\" data-srcset=\"https:\/\/lakshmitransformation.com\/wp-content\/uploads\/2025\/03\/IMG_4308-scaled-1024x768.jpeg 1024w, https:\/\/lakshmitransformation.com\/wp-content\/uploads\/2025\/03\/IMG_4308-scaled-768x576.jpeg 768w, https:\/\/lakshmitransformation.com\/wp-content\/uploads\/2025\/03\/IMG_4308-scaled-1536x1152.jpeg 1536w, https:\/\/lakshmitransformation.com\/wp-content\/uploads\/2025\/03\/IMG_4308-scaled-2048x1536.jpeg 2048w, https:\/\/lakshmitransformation.com\/wp-content\/uploads\/2025\/03\/IMG_4308-scaled-16x12.jpeg 16w, https:\/\/lakshmitransformation.com\/wp-content\/uploads\/2025\/03\/IMG_4308-scaled-1920x1440.jpeg 1920w, https:\/\/lakshmitransformation.com\/wp-content\/uploads\/2025\/03\/IMG_4308-scaled-600x450.jpeg 600w\" data-sizes=\"(max-width: 1024px) 100vw, 1024px\" src=\"data:image\/gif;base64,R0lGODlhAQABAAAAACH5BAEKAAEALAAAAAABAAEAAAICTAEAOw==\" style=\"--smush-placeholder-width: 1024px; --smush-placeholder-aspect-ratio: 1024\/768;\" \/><\/div><\/div><\/figure><\/div><\/li><li class=\"kadence-blocks-gallery-item\" tabindex=\"0\"><div class=\"kadence-blocks-gallery-item-inner\"><figure class=\"kb-gallery-figure kadence-blocks-gallery-item-hide-caption\"><div class=\"kb-gal-image-radius\" style=\"max-width:576px;\"><div class=\"kb-gallery-image-contain kadence-blocks-gallery-intrinsic\" style=\"padding-bottom:177%;\"><img decoding=\"async\" data-src=\"https:\/\/lakshmitransformation.com\/wp-content\/uploads\/2025\/05\/THuha-2025-04-12-DJIM4P-004-Lakshmi-Retreat-Center-Full-HD-576x1024.jpg\" width=\"576\" height=\"1024\" alt=\"Najam prostora\" data-full-image=\"https:\/\/lakshmitransformation.com\/wp-content\/uploads\/2025\/05\/THuha-2025-04-12-DJIM4P-004-Lakshmi-Retreat-Center-Full-HD.jpg\" data-light-image=\"https:\/\/lakshmitransformation.com\/wp-content\/uploads\/2025\/05\/THuha-2025-04-12-DJIM4P-004-Lakshmi-Retreat-Center-Full-HD.jpg\" data-id=\"1021\" class=\"wp-image-1021 lazyload\" data-srcset=\"https:\/\/lakshmitransformation.com\/wp-content\/uploads\/2025\/05\/THuha-2025-04-12-DJIM4P-004-Lakshmi-Retreat-Center-Full-HD-576x1024.jpg 576w, https:\/\/lakshmitransformation.com\/wp-content\/uploads\/2025\/05\/THuha-2025-04-12-DJIM4P-004-Lakshmi-Retreat-Center-Full-HD-768x1365.jpg 768w, https:\/\/lakshmitransformation.com\/wp-content\/uploads\/2025\/05\/THuha-2025-04-12-DJIM4P-004-Lakshmi-Retreat-Center-Full-HD-864x1536.jpg 864w, https:\/\/lakshmitransformation.com\/wp-content\/uploads\/2025\/05\/THuha-2025-04-12-DJIM4P-004-Lakshmi-Retreat-Center-Full-HD-7x12.jpg 7w, https:\/\/lakshmitransformation.com\/wp-content\/uploads\/2025\/05\/THuha-2025-04-12-DJIM4P-004-Lakshmi-Retreat-Center-Full-HD-600x1067.jpg 600w, https:\/\/lakshmitransformation.com\/wp-content\/uploads\/2025\/05\/THuha-2025-04-12-DJIM4P-004-Lakshmi-Retreat-Center-Full-HD.jpg 1080w\" data-sizes=\"(max-width: 576px) 100vw, 576px\" src=\"data:image\/gif;base64,R0lGODlhAQABAAAAACH5BAEKAAEALAAAAAABAAEAAAICTAEAOw==\" style=\"--smush-placeholder-width: 576px; --smush-placeholder-aspect-ratio: 576\/1024;\" \/><\/div><\/div><\/figure><\/div><\/li><li class=\"kadence-blocks-gallery-item\" tabindex=\"0\"><div class=\"kadence-blocks-gallery-item-inner\"><figure class=\"kb-gallery-figure kadence-blocks-gallery-item-hide-caption\"><div class=\"kb-gal-image-radius\" style=\"max-width:1024px;\"><div class=\"kb-gallery-image-contain kadence-blocks-gallery-intrinsic\" style=\"padding-bottom:66%;\"><img decoding=\"async\" data-src=\"https:\/\/lakshmitransformation.com\/wp-content\/uploads\/2025\/05\/THuha-2025-04-12-Lakshmi-Retreat-Center-Prostor-02-1-1024x684.jpg\" width=\"1024\" height=\"684\" alt=\"Main space\" data-full-image=\"https:\/\/lakshmitransformation.com\/wp-content\/uploads\/2025\/05\/THuha-2025-04-12-Lakshmi-Retreat-Center-Prostor-02-1.jpg\" data-light-image=\"https:\/\/lakshmitransformation.com\/wp-content\/uploads\/2025\/05\/THuha-2025-04-12-Lakshmi-Retreat-Center-Prostor-02-1.jpg\" data-id=\"1102\" class=\"wp-image-1102 lazyload\" data-srcset=\"https:\/\/lakshmitransformation.com\/wp-content\/uploads\/2025\/05\/THuha-2025-04-12-Lakshmi-Retreat-Center-Prostor-02-1-1024x684.jpg 1024w, https:\/\/lakshmitransformation.com\/wp-content\/uploads\/2025\/05\/THuha-2025-04-12-Lakshmi-Retreat-Center-Prostor-02-1-768x513.jpg 768w, https:\/\/lakshmitransformation.com\/wp-content\/uploads\/2025\/05\/THuha-2025-04-12-Lakshmi-Retreat-Center-Prostor-02-1-1536x1026.jpg 1536w, https:\/\/lakshmitransformation.com\/wp-content\/uploads\/2025\/05\/THuha-2025-04-12-Lakshmi-Retreat-Center-Prostor-02-1-18x12.jpg 18w, https:\/\/lakshmitransformation.com\/wp-content\/uploads\/2025\/05\/THuha-2025-04-12-Lakshmi-Retreat-Center-Prostor-02-1-600x401.jpg 600w, https:\/\/lakshmitransformation.com\/wp-content\/uploads\/2025\/05\/THuha-2025-04-12-Lakshmi-Retreat-Center-Prostor-02-1.jpg 1920w\" data-sizes=\"(max-width: 1024px) 100vw, 1024px\" src=\"data:image\/gif;base64,R0lGODlhAQABAAAAACH5BAEKAAEALAAAAAABAAEAAAICTAEAOw==\" style=\"--smush-placeholder-width: 1024px; --smush-placeholder-aspect-ratio: 1024\/684;\" \/><\/div><\/div><\/figure><\/div><\/li><\/ul><\/div>\n\n\n<p><br>Okru\u017een drve\u0107em i pti\u010djim pjevom, ku\u0107a je potpuno opremljena za <strong>individualni<\/strong> i <strong>grupni rad,<\/strong>spajaju\u0107i udobnost s jednostavno\u0161\u0107u. To je prostor u kojem se transformacija doga\u0111a sa osje\u0107ajem  sigurnosti, svetosti i podr\u017eanosti \u2014 bilo da dijelite u krugu ili jednostavno sjedite u ti\u0161ini.<\/p>\n\n\n\n<div style=\"height:100px\" aria-hidden=\"true\" class=\"wp-block-spacer\"><\/div>\n\n\n\n<div style=\"height:100px\" aria-hidden=\"true\" class=\"wp-block-spacer\"><\/div>\n\n\n\n<h2 class=\"wp-block-heading\"><strong>\u0160to ovo uto\u010di\u0161te pru\u017ea<\/strong><\/h2>\n\n\n\n<p>Na\u0161 prostor za Retreate pa\u017eljivo je dizajniran kako bi podr\u017eao dubok rad, povezanost i odmor \u2014 bilo da organizirate radionicu, dr\u017eite ceremoniju ili vodite individualne seanse. Evo \u0161to vam je dostupno:<\/p>\n\n\n\n<p><br>Unutarnji prostori<br><strong>Glavna soba (45 m\u00b2)<\/strong> \u2014 idealna za rad u grupama, ples ili individualnu\nterapiju<br><strong>Kuhinja, garderoba<\/strong>i ugodna <strong>\u010dekaona<\/strong> <br><strong>Kupaonica <\/strong>s dva WC-a i tu\u0161em<br><strong>Otvoreni prostor za spavanje na tavanu<\/strong> (dostupan na zahtjev)<br><strong>Vanjski prostori<\/strong><br><strong>Terasa (30 m\u00b2)<\/strong> \u2014 djelomi\u010dno pokrivena, s mirnim pogledom na drve\u0107e<br><strong>Vrt s ognji\u0161tem<\/strong> i udobnim sjedenjem za ve\u010dernja okupljanja<br><strong>Pristup okolnim zemlji\u0161tima i \u0161umi<\/strong> \u2014 savr\u0161eno za terapiju hodanjem,\nmeditaciju ili vanjske prakse<\/p>\n\n\n\n<p><br><strong>Oprema i sadr\u017eaji<\/strong><br>Joga prostirke, jastuci, valjci<br>Boksa\u010dka vre\u0107a<br>Projektor, laptop i Wifi<br><strong>Podno grijanje<\/strong> i <strong>pe\u0107 na drva<\/strong> za toplinu i udobnost<br><strong>Prostrano parkirali\u0161te<\/strong> za 10+ vozila<\/p>\n\n\n\n<div style=\"height:100px\" aria-hidden=\"true\" class=\"wp-block-spacer\"><\/div>\n\n\n\n<h2 class=\"wp-block-heading\"><strong>Kako rezervirati<\/strong><\/h2>\n\n\n\n<p>Provjerite kalendar za dostupne datume i po\u0161aljite upit putem obrasca za kontakt u nastavku. Odgovorit \u0107emo \u0161to je prije mogu\u0107e s detaljima o dostupnosti, cijenama i uvjetima najma ili koristite online booking kalendar i platite direktno najam<\/p>\n\n\n\n<div style=\"height:40px\" aria-hidden=\"true\" class=\"wp-block-spacer\"><\/div>\n\n\n\n<p><strong>NAPOMENA:<\/strong> Opcija rezervacije od 1:30h odnosi se na individualni rad, a ne na grupne radionice.<\/p>\n\n\n\n<div class=\"wp-block-amelia-catalog-gutenberg-block\"><script>\n  if (typeof hasAmeliaAppointment === 'undefined') {\n    var hasAmeliaAppointment = true;\n  }\n  if (typeof hasAppointmentApiCall === 'undefined' && '' === '') {\n    var hasAppointmentApiCall = true;\n  }\n  var bookingEntitiesIds = (typeof bookingEntitiesIds === 'undefined') ? [] : bookingEntitiesIds;\n  bookingEntitiesIds.push(\n    {\n      'hasApiCall': (typeof hasAppointmentApiCall !== 'undefined') && hasAppointmentApiCall,\n      'trigger': '',\n      'counter': '0',\n      'service': '7',\n      'employee': '',\n      'location': ''\n    }\n  );\n  var lazyBookingEntitiesIds = (typeof lazyBookingEntitiesIds === 'undefined') ? [] : lazyBookingEntitiesIds;\n  if (bookingEntitiesIds[bookingEntitiesIds.length - 1].trigger !== '') {\n    lazyBookingEntitiesIds.push(bookingEntitiesIds.pop());\n  }\n  if (typeof hasAppointmentApiCall !== 'undefined' && hasAppointmentApiCall) {\n    hasAppointmentApiCall = false;\n  }\n<\/script>\n\n<div id=\"amelia-app-booking0\" class=\"amelia-service amelia-frontend amelia-app-booking\">\n  <service><\/service>\n<\/div>\n<\/div>\n\n\n\n<div style=\"height:100px\" aria-hidden=\"true\" class=\"wp-block-spacer\"><\/div>","protected":false},"excerpt":{"rendered":"<p>Po\u0161tujemo sveti odnos izme\u0111u ljudi i prirode. Ovo je uto\u010di\u0161te u kojem se ponovno prisje\u0107amo jedinstva.<\/p>","protected":false},"author":1,"featured_media":1024,"parent":0,"menu_order":0,"comment_status":"closed","ping_status":"closed","template":"","meta":{"_monsterinsights_skip_tracking":false,"_monsterinsights_sitenote_active":false,"_monsterinsights_sitenote_note":"","_monsterinsights_sitenote_category":0,"footnotes":""},"class_list":["post-679","page","type-page","status-publish","has-post-thumbnail","hentry"],"_links":{"self":[{"href":"https:\/\/lakshmitransformation.com\/hr\/wp-json\/wp\/v2\/pages\/679","targetHints":{"allow":["GET"]}}],"collection":[{"href":"https:\/\/lakshmitransformation.com\/hr\/wp-json\/wp\/v2\/pages"}],"about":[{"href":"https:\/\/lakshmitransformation.com\/hr\/wp-json\/wp\/v2\/types\/page"}],"author":[{"embeddable":true,"href":"https:\/\/lakshmitransformation.com\/hr\/wp-json\/wp\/v2\/users\/1"}],"replies":[{"embeddable":true,"href":"https:\/\/lakshmitransformation.com\/hr\/wp-json\/wp\/v2\/comments?post=679"}],"version-history":[{"count":50,"href":"https:\/\/lakshmitransformation.com\/hr\/wp-json\/wp\/v2\/pages\/679\/revisions"}],"predecessor-version":[{"id":1484,"href":"https:\/\/lakshmitransformation.com\/hr\/wp-json\/wp\/v2\/pages\/679\/revisions\/1484"}],"wp:featuredmedia":[{"embeddable":true,"href":"https:\/\/lakshmitransformation.com\/hr\/wp-json\/wp\/v2\/media\/1024"}],"wp:attachment":[{"href":"https:\/\/lakshmitransformation.com\/hr\/wp-json\/wp\/v2\/media?parent=679"}],"curies":[{"name":"wp","href":"https:\/\/api.w.org\/{rel}","templated":true}]}}