{"id":663,"date":"2025-04-23T16:06:24","date_gmt":"2025-04-23T16:06:24","guid":{"rendered":"https:\/\/lakshmitransformation.com\/?page_id=663"},"modified":"2025-05-08T06:42:37","modified_gmt":"2025-05-08T06:42:37","slug":"terms-and-conditions","status":"publish","type":"page","link":"https:\/\/lakshmitransformation.com\/hr\/terms-and-conditions\/","title":{"rendered":"Op\u0107i Uvjeti i Odredbe"},"content":{"rendered":"<p>Ovi Op\u0107i uvjeti i odredbe (\"Uvjeti\") ure\u0111uju kori\u0161tenje internetske stranice [lakshmitransformation.com] (\"Stranica\"), kao i sve rezervacije, sudjelovanje i\nkori\u0161tenje usluga koje nudi Lakshmi Transformation (\"mi\", \"nas\", \"na\u0161\"). Pristupanjem Stranici ili rezervacijom bilo koje usluge ili retreat-a, pristajete\nna ove Uvjete. Molimo vas da ih pa\u017eljivo pro\u010ditate.<\/p>\n\n\n\n<div style=\"height:40px\" aria-hidden=\"true\" class=\"wp-block-spacer\"><\/div>\n\n\n\n<h2 class=\"wp-block-heading\">1. Op\u0107e odredbe<\/h2>\n\n\n\n<p>1.1. Ovi Uvjeti primjenjuju se na sve korisnike Stranice i klijente Lakshmi Transformation, uklju\u010duju\u0107i one koji rezerviraju retreat-e, terapije, radionice ili unajmljuju prostor.<\/p>\n\n\n\n<p>1.2. Rezervacijom ili kori\u0161tenjem na\u0161ih usluga potvr\u0111ujete da ste pro\u010ditali, razumjeli i prihvatili ove Uvjete i na\u0161u Politiku privatnosti.<\/p>\n\n\n\n<p>1.3. Zadr\u017eavamo pravo izmjene Uvjeta u bilo kojem trenutku. Najnovija verzija uvijek \u0107e biti dostupna na Stranici. Nastavak kori\u0161tenja Stranice ili usluga nakon izmjena zna\u010di da prihva\u0107ate nove Uvjete.<\/p>\n\n\n\n<div style=\"height:40px\" aria-hidden=\"true\" class=\"wp-block-spacer\"><\/div>\n\n\n\n<h2 class=\"wp-block-heading\">2. Usluge i rezervacije<\/h2>\n\n\n\n<p>2.1. Sve usluge, uklju\u010duju\u0107i retreat-e, terapije, radionice i najam prostora, opisane su na Stranici. Zadr\u017eavamo pravo izmjene, prilagodbe ili ukidanja\nbilo koje usluge u bilo kojem trenutku.<\/p>\n\n\n\n<p>2.2. Rezervacije se vr\u0161e putem online sustava ili direktnim kontaktom. Rezervacija je potvr\u0111ena tek nakon \u0161to vam po\u0161aljemo pisanu potvrdu (e-mail).<\/p>\n\n\n\n<p>2.3. Za odre\u0111ene usluge mo\u017ee biti potreban polog ili puna uplata unaprijed. Detalji uplate i rokovi bit \u0107e navedeni tijekom procesa rezervacije.<\/p>\n\n\n\n<p>2.4. Odgovorni ste za to\u010dnost i potpunost podataka koje navedete prilikom rezervacije.<\/p>\n\n\n\n<div style=\"height:40px\" aria-hidden=\"true\" class=\"wp-block-spacer\"><\/div>\n\n\n\n<h2 class=\"wp-block-heading\">3. Otkazivanje i povrat<\/h2>\n\n\n\n<p>3.1. Ako \u017eelite otkazati rezervaciju, morate nas \u0161to prije obavijestiti u pisanom obliku.<\/p>\n\n\n\n<p>3.2. Politika otkazivanja i povrata za svaku uslugu (retreat, terapija, radionica, najam prostora) bit \u0107e navedena tijekom rezervacije. <\/p>\n\n\n\n<p>3.3. Ako mi moramo otkazati uslugu ili retreat zbog nepredvi\u0111enih okolnosti, bit \u0107e vam ponu\u0111en puni povrat ili mogu\u0107nost prebacivanja rezervacije na\ndrugi datum.<\/p>\n\n\n\n<div style=\"height:40px\" aria-hidden=\"true\" class=\"wp-block-spacer\"><\/div>\n\n\n\n<h2 class=\"wp-block-heading\">4. Sudjelovanje i odgovornost<\/h2>\n\n\n\n<p>4.1. Rezervacijom i sudjelovanjem na retreat-u, radionici ili terapiji prihva\u0107ate da takve aktivnosti mogu uklju\u010divati fizi\u010dke, emocionalne ili psiholo\u0161ke rizike. Sudjelujete dobrovoljno i na vlastitu odgovornost.<\/p>\n\n\n\n<p>4.2. Odgovorni ste za osiguranje da ste fizi\u010dki i psihi\u010dki sposobni za sudjelovanje. Ako imate bilo kakva zdravstvena stanja ili zabrinutosti, morate nas unaprijed obavijestiti i konzultirati se s lije\u010dnikom prije rezervacije.<\/p>\n\n\n\n<p>4.2. Odgovorni ste za osiguranje da ste fizi\u010dki i psihi\u010dki sposobni za sudjelovanje. Ako imate bilo kakva zdravstvena stanja ili zabrinutosti, morate nas unaprijed obavijestiti i konzultirati se s lije\u010dnikom prije rezervacije.<\/p>\n\n\n\n<p>4.2. Odgovorni ste za osiguranje da ste fizi\u010dki i psihi\u010dki sposobni za sudjelovanje. Ako imate bilo kakva zdravstvena stanja ili zabrinutosti, morate nas unaprijed obavijestiti i konzultirati se s lije\u010dnikom prije rezervacije.<\/p>\n\n\n\n<div style=\"height:40px\" aria-hidden=\"true\" class=\"wp-block-spacer\"><\/div>\n\n\n\n<h2 class=\"wp-block-heading\">5. Odgovornost<\/h2>\n\n\n\n<p>5.1. U najve\u0107oj mogu\u0107oj mjeri dopu\u0161tenoj zakonom, Lakshmi Transformation i njegovo osoblje nisu odgovorni za bilo kakvu ozljedu, gubitak, \u0161tetu, nezgodu, ka\u0161njenje ili tro\u0161ak koji proizlazi iz va\u0161eg sudjelovanja u bilo kojoj usluzi ili retreat-u.<\/p>\n\n\n\n<p>5.2. Ne snosimo odgovornost za gubitak ili o\u0161te\u0107enje va\u0161e osobne imovine tijekom boravka ili sudjelovanja u na\u0161im uslugama.<\/p>\n\n\n\n<div style=\"height:40px\" aria-hidden=\"true\" class=\"wp-block-spacer\"><\/div>\n\n\n\n<h2 class=\"wp-block-heading\">6. Za\u0161tita osobnih podataka<\/h2>\n\n\n\n<p>6.1. Va\u0161e osobne podatke obra\u0111ujemo u skladu s Op\u0107om uredbom o za\u0161titi podataka (GDPR) i na\u0161om Politikom privatnosti. Za vi\u0161e informacija o tome kako prikupljamo, koristimo i \u0161titimo va\u0161e podatke, pogledajte na\u0161u Politiku privatnosti.<\/p>\n\n\n\n<div style=\"height:40px\" aria-hidden=\"true\" class=\"wp-block-spacer\"><\/div>\n\n\n\n<h2 class=\"wp-block-heading\">7. Intelektualno vlasni\u0161tvo<\/h2>\n\n\n\n<p>7.1. Sav sadr\u017eaj na Stranici, uklju\u010duju\u0107i tekstove, slike, logotipe i materijale, vlasni\u0161tvo je Lakshmi Transformation ili njegovih davatelja licence te se ne\nsmije koristiti bez prethodnog dopu\u0161tenja.<\/p>\n\n\n\n<div style=\"height:40px\" aria-hidden=\"true\" class=\"wp-block-spacer\"><\/div>\n\n\n\n<h2 class=\"wp-block-heading\">8. Mjerodavno pravo i rje\u0161avanje sporova<\/h2>\n\n\n\n<p>8.1. Ovi Uvjeti podlije\u017eu zakonima Republike Hrvatske i Europske unije.<\/p>\n\n\n\n<p>8.2. Svi sporovi koji proizlaze iz ovih Uvjeta ili kori\u0161tenja na\u0161ih usluga poku\u0161at \u0107e se rije\u0161iti mirnim putem. Ako to nije<\/p>\n\n\n\n<div style=\"height:40px\" aria-hidden=\"true\" class=\"wp-block-spacer\"><\/div>\n\n\n\n<h2 class=\"wp-block-heading\">9. Kontakt<\/h2>\n\n\n\n<p>Za sva pitanja u vezi s ovim Op\u0107im uvjetima i odredbama, obratite nam se na:<br>Email:&nbsp;<a target=\"_blank\" rel=\"noreferrer noopener\" href=\"mailto:lakshmi@lakshmitransformation.com\">lakshmi@lakshmitransformation.com<\/a><br>Tel: +385 92 350 5828<\/p>\n\n\n\n<p><strong>Zadnji put ure\u0111eno:<\/strong>&nbsp;05.05.2025.<\/p>","protected":false},"excerpt":{"rendered":"<p>These Terms and Conditions (\u201cTerms\u201d) govern the use of the website [lakshmitransformation.com] (\u201cthe Site\u201d), as well as all bookings, participation, and use of services offered by Lakshmi Transformation (\u201cwe\u201d, \u201cus\u201d, \u201cour\u201d). By accessing the Site or booking any service or retreat, you agree to be bound by these Terms. Please read them carefully. 1. General [&hellip;]<\/p>","protected":false},"author":1,"featured_media":0,"parent":0,"menu_order":0,"comment_status":"closed","ping_status":"closed","template":"","meta":{"_monsterinsights_skip_tracking":false,"_monsterinsights_sitenote_active":false,"_monsterinsights_sitenote_note":"","_monsterinsights_sitenote_category":0,"footnotes":""},"class_list":["post-663","page","type-page","status-publish","hentry"],"_links":{"self":[{"href":"https:\/\/lakshmitransformation.com\/hr\/wp-json\/wp\/v2\/pages\/663","targetHints":{"allow":["GET"]}}],"collection":[{"href":"https:\/\/lakshmitransformation.com\/hr\/wp-json\/wp\/v2\/pages"}],"about":[{"href":"https:\/\/lakshmitransformation.com\/hr\/wp-json\/wp\/v2\/types\/page"}],"author":[{"embeddable":true,"href":"https:\/\/lakshmitransformation.com\/hr\/wp-json\/wp\/v2\/users\/1"}],"replies":[{"embeddable":true,"href":"https:\/\/lakshmitransformation.com\/hr\/wp-json\/wp\/v2\/comments?post=663"}],"version-history":[{"count":3,"href":"https:\/\/lakshmitransformation.com\/hr\/wp-json\/wp\/v2\/pages\/663\/revisions"}],"predecessor-version":[{"id":1089,"href":"https:\/\/lakshmitransformation.com\/hr\/wp-json\/wp\/v2\/pages\/663\/revisions\/1089"}],"wp:attachment":[{"href":"https:\/\/lakshmitransformation.com\/hr\/wp-json\/wp\/v2\/media?parent=663"}],"curies":[{"name":"wp","href":"https:\/\/api.w.org\/{rel}","templated":true}]}}