{"id":495,"date":"2025-04-07T13:41:35","date_gmt":"2025-04-07T13:41:35","guid":{"rendered":"https:\/\/lakshmitransformation.com\/?page_id=495"},"modified":"2025-06-11T09:48:35","modified_gmt":"2025-06-11T09:48:35","slug":"family-constellations","status":"publish","type":"page","link":"https:\/\/lakshmitransformation.com\/hr\/family-constellations\/","title":{"rendered":"Obiteljske konstelacije"},"content":{"rendered":"<p>Obiteljske konstelacije su transformativna terapijska metoda koju je razvio njema\u010dki psihoterapeut Bert Hellinger. Ova metoda poma\u017ee u otkrivanju i\nrazrje\u0161enju duboko ukorijenjenih problema unutar obiteljskih sustava. Kori\u0161tenjem \"energetskog polja\", konstelacije istra\u017euju skrivene dinamike odnosa, nude\u0107i uvid i iscjeljenje za izazove koji se \u010dine nerazrje\u0161ivima<\/p>\n\n\n\n<div style=\"height:100px\" aria-hidden=\"true\" class=\"wp-block-spacer\"><\/div>\n\n\n\n<h2 class=\"wp-block-heading\"><strong><strong><strong>\u0160to su obiteljske konstelacije?<\/strong><\/strong><\/strong><\/h2>\n\n\n\n<p>Obiteljske konstelacije temelje se na ideji da nerazrije\u0161eni problemi, traume ili konflikti unutar obiteljskog sustava se mogu prenositi kroz generacije. Pristupaju\u0107i energetskom polju, ova metoda otkriva skrivene obrasce i pru\u017ea jasno\u0107u o tome kako obnoviti ravnote\u017eu i harmoniju.<\/p>\n\n\n\n<p>Klju\u010dni elementi uklju\u010duju:<br>Obnavljanje ravnote\u017ee sustava priznavanjem i razrje\u0161enjem pro\u0161lih doga\u0111aja.<br>Istra\u017eivanje uzroka ponavljaju\u0107ih izazova ili emocionalnih blokada.<br>Dobivanje uvida u obiteljske dinamike i njihov utjecaj na va\u0161 \u017eivot.<\/p>\n\n\n\n<div style=\"height:100px\" aria-hidden=\"true\" class=\"wp-block-spacer\"><\/div>\n\n\n\n<h2 class=\"wp-block-heading\"><strong>Za koga su namijenjeni?<\/strong><\/h2>\n\n\n\n<p>Ova metoda je idealna za osobe koje:<br>Tra\u017ee jasno\u0107u i iscjeljenje za nerazrije\u0161ene obiteljske dinamike.<br>Suo\u010davaju se s ponavljaju\u0107im izazovima u odnosima ili osobnom \u017eivotu.<br>Osje\u0107aju se zaglavljeno u obrascima koje ne mogu objasniti ili razrije\u0161iti.<br>Iskuse emocionalna optere\u0107enja povezana s obiteljskom povije\u0161\u0107u.<\/p>\n\n\n\n<div style=\"height:100px\" aria-hidden=\"true\" class=\"wp-block-spacer\"><\/div>\n\n\n\n<h2 class=\"wp-block-heading\"><strong><strong>\u0160to mo\u017eete o\u010dekivati tijekom seanse?<\/strong><\/strong><\/h2>\n\n\n\n<p>Tijekom seanse obiteljskih konstelacija:<br>Kori\u0161tenjem predstavnika (u grupnim postavkama) ili vizualizacije (u individualnim seansama), radit \u0107ete na obnavljanju ravnote\u017ee u svom sustavu.<br>Istra\u017eit \u0107ete svoje izazove kroz prizmu obiteljskog sustava.<br>Voditelj \u0107e vas usmjeriti na otkrivanje skrivenih dinamika i dono\u0161enje svijesti o nerazrije\u0161enim pitanjima.<\/p>\n\n\n\n<div style=\"height:100px\" aria-hidden=\"true\" class=\"wp-block-spacer\"><\/div>\n\n\n\n<h2 class=\"wp-block-heading\"><strong>Za\u0161to odabrati obiteljske konstelacije?<\/strong><\/h2>\n\n\n\n<p>Ovaj pristup nudi duboke uvide u to kako va\u0161a obiteljska povijest oblikuje va\u0161u sada\u0161njost. Pru\u017ea priliku za otpu\u0161tanje naslije\u0111enih tereta, iscjeljenje\nemocionalnih rana i prihva\u0107anje uravnote\u017eenijeg i ispunjenijeg \u017eivota.<\/p>\n\n\n\n<div style=\"height:100px\" aria-hidden=\"true\" class=\"wp-block-spacer\"><\/div>\n\n\n\n<div class=\"wp-block-cover alignfull is-light wp-duotone-unset-1\" style=\"margin-top:0;padding-top:6vw;padding-right:6vw;padding-bottom:6vw;padding-left:6vw\"><span aria-hidden=\"true\" class=\"wp-block-cover__background has-background-dim-100 has-background-dim\" style=\"background-color:#e1aa72\"><\/span><div class=\"wp-block-cover__inner-container is-layout-flow wp-block-cover-is-layout-flow\">\n<div class=\"wp-block-group is-vertical is-content-justification-center is-layout-flex wp-container-core-group-is-layout-4 wp-block-group-is-layout-flex\">\n<div class=\"wp-block-group alignwide wp-container-content-1 is-content-justification-left\"><div class=\"wp-block-group__inner-container is-layout-constrained wp-container-core-group-is-layout-1 wp-block-group-is-layout-constrained\">\n<h2 class=\"wp-block-heading alignwide has-text-align-left has-white-color has-text-color\" style=\"font-size:100px;font-style:normal;font-weight:500;line-height:0.9;text-transform:none\">Priklju\u010di mi se na ovom putovanju<\/h2>\n\n\n\n<div style=\"height:24px\" aria-hidden=\"true\" class=\"wp-block-spacer\"><\/div>\n\n\n\n<p class=\"has-text-align-left has-contrast-color has-text-color\">Napravite prvi korak prema iscjeljenju izlaskom iz zone komfora. Bilo da odaberete energetsko iscjeljivanje, tjelesno orijetiranu terapiju ili terapiju hodanjem, zapo\u010det \u0107ete put samospoznaje i transformacije.<\/p>\n\n\n\n<p><\/p>\n\n\n\n<p><strong>Rezervirajte svoju seansu<\/strong>&nbsp;putem na\u0161eg online kalendara ili nas kontaktirajte\ndirektno.<\/p>\n\n\n\n<p><\/p>\n\n\n\n<div style=\"height:0px\" aria-hidden=\"true\" class=\"wp-block-spacer\"><\/div>\n\n\n\n<div class=\"wp-block-buttons is-content-justification-left is-nowrap is-layout-flex wp-container-core-buttons-is-layout-1 wp-block-buttons-is-layout-flex\">\n<div class=\"wp-block-button has-custom-font-size is-style-fill\" style=\"font-size:16px;font-style:normal;font-weight:500;letter-spacing:0px;text-transform:uppercase\"><a class=\"wp-block-button__link has-base-color has-contrast-background-color has-text-color has-background wp-element-button\" href=\"#wpforms-widget-4\" style=\"border-radius:0px;padding-top:24px;padding-right:48px;padding-bottom:24px;padding-left:48px\">Kontaktiraj nas<\/a><\/div>\n<\/div>\n<\/div><\/div>\n\n\n\n<div class=\"wp-block-amelia-booking-gutenberg-block\">\n<script>\n  if (typeof hasAmeliaAppointment === 'undefined') {\n    var hasAmeliaAppointment = true;\n  }\n  if (typeof hasAppointmentApiCall === 'undefined' && '' === '') {\n    var hasAppointmentApiCall = true;\n  }\n  var hasBookingShortcode = (typeof hasBookingShortcode === 'undefined') ? false : true;\n  var bookingEntitiesIds = (typeof bookingEntitiesIds === 'undefined') ? [] : bookingEntitiesIds;\n  bookingEntitiesIds.push(\n    {\n      'hasApiCall': (typeof hasAppointmentApiCall !== 'undefined') && hasAppointmentApiCall,\n      'trigger': '',\n      'show': '',\n      'counter': '0',\n      'category': '2',\n      'service': '',\n      'employee': '',\n      'location': ''\n    }\n  );\n  var lazyBookingEntitiesIds = (typeof lazyBookingEntitiesIds === 'undefined') ? [] : lazyBookingEntitiesIds;\n  if (bookingEntitiesIds[bookingEntitiesIds.length - 1].trigger !== '') {\n    lazyBookingEntitiesIds.push(bookingEntitiesIds.pop());\n  }\n  if (typeof hasAppointmentApiCall !== 'undefined' && hasAppointmentApiCall) {\n    hasAppointmentApiCall = false;\n  }\n<\/script>\n\n<div id=\"amelia-app-booking0\" class=\"amelia-booking amelia-frontend amelia-app-booking\">\n  <booking id=\"amelia-step-booking0\"><\/booking>\n<\/div>\n<\/div>\n\n\n\n<p><\/p>\n\n\n\n<div class=\"wp-block-group is-content-justification-right is-nowrap is-layout-flex wp-container-core-group-is-layout-3 wp-block-group-is-layout-flex\">\n<div class=\"wp-block-group wp-container-content-3\"><div class=\"wp-block-group__inner-container is-layout-flow wp-block-group-is-layout-flow\">\n<div style=\"height:8vw\" aria-hidden=\"true\" class=\"wp-block-spacer\"><\/div>\n\n\n\n<figure class=\"wp-block-image size-large wp-container-content-2 wp-duotone-grayscale\"><img decoding=\"async\" width=\"681\" height=\"1024\" data-src=\"https:\/\/lakshmitransformation.com\/wp-content\/uploads\/2025\/04\/THuha-2025-03-31-DSC_0408-Lakshmi-Retreat-Center-Barbara-Da-Cruz-Full-HD-4-681x1024.jpg\" alt=\"\" class=\"wp-image-593 lazyload\" data-srcset=\"https:\/\/lakshmitransformation.com\/wp-content\/uploads\/2025\/04\/THuha-2025-03-31-DSC_0408-Lakshmi-Retreat-Center-Barbara-Da-Cruz-Full-HD-4-681x1024.jpg 681w, https:\/\/lakshmitransformation.com\/wp-content\/uploads\/2025\/04\/THuha-2025-03-31-DSC_0408-Lakshmi-Retreat-Center-Barbara-Da-Cruz-Full-HD-4-8x12.jpg 8w, https:\/\/lakshmitransformation.com\/wp-content\/uploads\/2025\/04\/THuha-2025-03-31-DSC_0408-Lakshmi-Retreat-Center-Barbara-Da-Cruz-Full-HD-4-768x1155.jpg 768w, https:\/\/lakshmitransformation.com\/wp-content\/uploads\/2025\/04\/THuha-2025-03-31-DSC_0408-Lakshmi-Retreat-Center-Barbara-Da-Cruz-Full-HD-4-1022x1536.jpg 1022w, https:\/\/lakshmitransformation.com\/wp-content\/uploads\/2025\/04\/THuha-2025-03-31-DSC_0408-Lakshmi-Retreat-Center-Barbara-Da-Cruz-Full-HD-4-600x902.jpg 600w, https:\/\/lakshmitransformation.com\/wp-content\/uploads\/2025\/04\/THuha-2025-03-31-DSC_0408-Lakshmi-Retreat-Center-Barbara-Da-Cruz-Full-HD-4.jpg 1277w\" data-sizes=\"(max-width: 681px) 100vw, 681px\" src=\"data:image\/gif;base64,R0lGODlhAQABAAAAACH5BAEKAAEALAAAAAABAAEAAAICTAEAOw==\" style=\"--smush-placeholder-width: 681px; --smush-placeholder-aspect-ratio: 681\/1024;\" \/><\/figure>\n<\/div><\/div>\n\n\n\n<figure class=\"wp-block-image size-large wp-container-content-4 wp-duotone-grayscale\"><img decoding=\"async\" width=\"681\" height=\"1024\" data-src=\"https:\/\/lakshmitransformation.com\/wp-content\/uploads\/2025\/04\/THuha-2025-03-31-DSC_0505-Lakshmi-Retreat-Center-Barbara-Da-Cruz-Full-HD-1-681x1024.jpg\" alt=\"\" class=\"wp-image-1461 lazyload\" data-srcset=\"https:\/\/lakshmitransformation.com\/wp-content\/uploads\/2025\/04\/THuha-2025-03-31-DSC_0505-Lakshmi-Retreat-Center-Barbara-Da-Cruz-Full-HD-1-681x1024.jpg 681w, https:\/\/lakshmitransformation.com\/wp-content\/uploads\/2025\/04\/THuha-2025-03-31-DSC_0505-Lakshmi-Retreat-Center-Barbara-Da-Cruz-Full-HD-1-768x1155.jpg 768w, https:\/\/lakshmitransformation.com\/wp-content\/uploads\/2025\/04\/THuha-2025-03-31-DSC_0505-Lakshmi-Retreat-Center-Barbara-Da-Cruz-Full-HD-1-1022x1536.jpg 1022w, https:\/\/lakshmitransformation.com\/wp-content\/uploads\/2025\/04\/THuha-2025-03-31-DSC_0505-Lakshmi-Retreat-Center-Barbara-Da-Cruz-Full-HD-1-8x12.jpg 8w, https:\/\/lakshmitransformation.com\/wp-content\/uploads\/2025\/04\/THuha-2025-03-31-DSC_0505-Lakshmi-Retreat-Center-Barbara-Da-Cruz-Full-HD-1-600x902.jpg 600w, https:\/\/lakshmitransformation.com\/wp-content\/uploads\/2025\/04\/THuha-2025-03-31-DSC_0505-Lakshmi-Retreat-Center-Barbara-Da-Cruz-Full-HD-1.jpg 1277w\" data-sizes=\"(max-width: 681px) 100vw, 681px\" src=\"data:image\/gif;base64,R0lGODlhAQABAAAAACH5BAEKAAEALAAAAAABAAEAAAICTAEAOw==\" style=\"--smush-placeholder-width: 681px; --smush-placeholder-aspect-ratio: 681\/1024;\" \/><\/figure>\n<\/div>\n<\/div>\n<\/div><\/div>\n\n\n\n<p><\/p>","protected":false},"excerpt":{"rendered":"<p>Family Constellations is a transformative therapeutic method that helps uncover and resolve deep-seated issues within family systems. Developed by Bert Hellinger, this approach taps into the &#8220;energy field&#8221; to explore the hidden dynamics of relationships, offering insights and healing for challenges that may seem unresolvable. What Are Family Constellations? Family Constellations is based on the [&hellip;]<\/p>","protected":false},"author":1,"featured_media":1043,"parent":0,"menu_order":0,"comment_status":"closed","ping_status":"closed","template":"","meta":{"_monsterinsights_skip_tracking":false,"_monsterinsights_sitenote_active":false,"_monsterinsights_sitenote_note":"","_monsterinsights_sitenote_category":0,"footnotes":""},"class_list":["post-495","page","type-page","status-publish","has-post-thumbnail","hentry"],"_links":{"self":[{"href":"https:\/\/lakshmitransformation.com\/hr\/wp-json\/wp\/v2\/pages\/495","targetHints":{"allow":["GET"]}}],"collection":[{"href":"https:\/\/lakshmitransformation.com\/hr\/wp-json\/wp\/v2\/pages"}],"about":[{"href":"https:\/\/lakshmitransformation.com\/hr\/wp-json\/wp\/v2\/types\/page"}],"author":[{"embeddable":true,"href":"https:\/\/lakshmitransformation.com\/hr\/wp-json\/wp\/v2\/users\/1"}],"replies":[{"embeddable":true,"href":"https:\/\/lakshmitransformation.com\/hr\/wp-json\/wp\/v2\/comments?post=495"}],"version-history":[{"count":2,"href":"https:\/\/lakshmitransformation.com\/hr\/wp-json\/wp\/v2\/pages\/495\/revisions"}],"predecessor-version":[{"id":498,"href":"https:\/\/lakshmitransformation.com\/hr\/wp-json\/wp\/v2\/pages\/495\/revisions\/498"}],"wp:featuredmedia":[{"embeddable":true,"href":"https:\/\/lakshmitransformation.com\/hr\/wp-json\/wp\/v2\/media\/1043"}],"wp:attachment":[{"href":"https:\/\/lakshmitransformation.com\/hr\/wp-json\/wp\/v2\/media?parent=495"}],"curies":[{"name":"wp","href":"https:\/\/api.w.org\/{rel}","templated":true}]}}