{"id":490,"date":"2025-04-07T13:35:41","date_gmt":"2025-04-07T13:35:41","guid":{"rendered":"https:\/\/lakshmitransformation.com\/?page_id=490"},"modified":"2025-06-11T09:39:33","modified_gmt":"2025-06-11T09:39:33","slug":"energy-healing","status":"publish","type":"page","link":"https:\/\/lakshmitransformation.com\/hr\/energy-healing\/","title":{"rendered":"Energetsko iscjeljivanje"},"content":{"rendered":"<p>Energetsko iscjeljivanje sna\u017ena je metoda koja koristi skrivene energije unutar nas i oko nas kako bi potaknula iscjeljenje, harmoniju i ve\u0107i osje\u0107aj\nsamosvijesti.<\/p>\n\n\n\n<div style=\"height:100px\" aria-hidden=\"true\" class=\"wp-block-spacer\"><\/div>\n\n\n\n<h2 class=\"wp-block-heading\"><strong><strong>\u0160to je energetsko iscjeljivanje?<\/strong><\/strong><\/h2>\n\n\n\n<p>Energetsko iscjeljivanje uklju\u010duje kori\u0161tenje tehnika za uskla\u0111ivanje energetskih polja tijela, poma\u017eu\u0107i u obnavljanju fizi\u010dke, emocionalne i duhovne ravnote\u017ee. Temelji se na razumijevanju da na\u0161e postojanje\nnadma\u0161uje fizi\u010dki aspekt i ulazi u energetske dimenzije.<\/p>\n\n\n\n<p>Klju\u010dni aspekti uklju\u010duju:<br>Povezivanje s dubljim slojevima svijesti radi iscjeljenja i samoistra\u017eivanja.<br>\u010ci\u0161\u0107enje energetskih blokada koje ometaju osobni rast.<br>Ponovno uskla\u0111ivanje protoka energije za pobolj\u0161anje vitalnosti i dobrobiti.<\/p>\n\n\n\n<div style=\"height:100px\" aria-hidden=\"true\" class=\"wp-block-spacer\"><\/div>\n\n\n\n<h2 class=\"wp-block-heading\"><strong><strong>Moj put s energetskim iscjeljivanjem<\/strong><\/strong><\/h2>\n\n\n\n<p>Otkri\u0107e energetskog iscjeljivanja transformiralo je moje razumijevanje \u017eivota i postojanja. Kroz godine istra\u017eivanja i obuke, nau\u010dila sam kako koristiti ovu\nmetodu ne samo za vlastito iscjeljenje, ve\u0107 i za podr\u0161ku drugima na njihovom putu. Energetski rad nadopunjuje tjelesno orijentiranu terapiju, nude\u0107i\nholisti\u010dki pristup iscjeljivanju.<\/p>\n\n\n\n<div style=\"height:100px\" aria-hidden=\"true\" class=\"wp-block-spacer\"><\/div>\n\n\n\n<h2 class=\"wp-block-heading\"><strong>Za koga su namijenjeni?<\/strong><\/h2>\n\n\n\n<p>Energetsko iscjeljivanje je idealno za osobe koje:<br>\u017dele aktivno preuzeti odgovornost za svoje zdravlje i blagostanje.<br>Osje\u0107aju se zaglavljeno ili nepovezano sa svojim unutarnjim ja.<br>Tra\u017ee olak\u0161anje od emocionalnih ili fizi\u010dkih neravnote\u017ea.<br>Zanima ih istra\u017eivanje dubljih aspekata svog postojanja.<\/p>\n\n\n\n<div style=\"height:100px\" aria-hidden=\"true\" class=\"wp-block-spacer\"><\/div>\n\n\n\n<h2 class=\"wp-block-heading\"><strong>\u0160to mo\u017eete o\u010dekivati?<\/strong><\/h2>\n\n\n\n<p>Tijekom seanse energetskog iscjeljivanja, do\u017eivjet \u0107ete:<br>Iskustvo prilago\u0111en va\u0161im jedinstvenim potrebama i ciljevima.<br>Siguran i podr\u017eavaju\u0107i prostor za introspekciju.<br>Tehnike dizajnirane za \u010di\u0161\u0107enje blokada i obnavljanje ravnote\u017ee.<\/p>\n\n\n\n<div style=\"height:100px\" aria-hidden=\"true\" class=\"wp-block-spacer\"><\/div>\n\n\n\n<div class=\"wp-block-cover alignfull is-light wp-duotone-unset-1\" style=\"margin-top:0;padding-top:6vw;padding-right:6vw;padding-bottom:6vw;padding-left:6vw\"><span aria-hidden=\"true\" class=\"wp-block-cover__background has-background-dim-100 has-background-dim\" style=\"background-color:#e1aa72\"><\/span><div class=\"wp-block-cover__inner-container is-layout-flow wp-block-cover-is-layout-flow\">\n<div class=\"wp-block-group is-vertical is-content-justification-center is-layout-flex wp-container-core-group-is-layout-4 wp-block-group-is-layout-flex\">\n<div class=\"wp-block-group alignwide wp-container-content-1 is-content-justification-left\"><div class=\"wp-block-group__inner-container is-layout-constrained wp-container-core-group-is-layout-1 wp-block-group-is-layout-constrained\">\n<h2 class=\"wp-block-heading alignwide has-text-align-left has-white-color has-text-color\" style=\"font-size:100px;font-style:normal;font-weight:500;line-height:0.9;text-transform:none\">Priklju\u010di mi se na ovom putovanju<\/h2>\n\n\n\n<div style=\"height:24px\" aria-hidden=\"true\" class=\"wp-block-spacer\"><\/div>\n\n\n\n<p class=\"has-text-align-left has-contrast-color has-text-color\">Napravite prvi korak prema iscjeljenju izlaskom iz zone komfora. Bilo da odaberete energetsko iscjeljivanje, tjelesno orijetiranu terapiju ili terapiju hodanjem, zapo\u010det \u0107ete put samospoznaje i transformacije.<\/p>\n\n\n\n<p><\/p>\n\n\n\n<p><strong>Rezervirajte svoju seansu<\/strong>&nbsp;putem na\u0161eg online kalendara ili nas kontaktirajte\ndirektno.<\/p>\n\n\n\n<p><\/p>\n\n\n\n<div style=\"height:0px\" aria-hidden=\"true\" class=\"wp-block-spacer\"><\/div>\n\n\n\n<div class=\"wp-block-buttons is-content-justification-left is-nowrap is-layout-flex wp-container-core-buttons-is-layout-1 wp-block-buttons-is-layout-flex\">\n<div class=\"wp-block-button has-custom-font-size is-style-fill\" style=\"font-size:16px;font-style:normal;font-weight:500;letter-spacing:0px;text-transform:uppercase\"><a class=\"wp-block-button__link has-base-color has-contrast-background-color has-text-color has-background wp-element-button\" href=\"#wpforms-widget-4\" style=\"border-radius:0px;padding-top:24px;padding-right:48px;padding-bottom:24px;padding-left:48px\">Kontaktiraj nas<\/a><\/div>\n<\/div>\n<\/div><\/div>\n\n\n\n<div class=\"wp-block-amelia-booking-gutenberg-block\">\n<script>\n  if (typeof hasAmeliaAppointment === 'undefined') {\n    var hasAmeliaAppointment = true;\n  }\n  if (typeof hasAppointmentApiCall === 'undefined' && '' === '') {\n    var hasAppointmentApiCall = true;\n  }\n  var hasBookingShortcode = (typeof hasBookingShortcode === 'undefined') ? false : true;\n  var bookingEntitiesIds = (typeof bookingEntitiesIds === 'undefined') ? [] : bookingEntitiesIds;\n  bookingEntitiesIds.push(\n    {\n      'hasApiCall': (typeof hasAppointmentApiCall !== 'undefined') && hasAppointmentApiCall,\n      'trigger': '',\n      'show': '',\n      'counter': '0',\n      'category': '2',\n      'service': '',\n      'employee': '',\n      'location': ''\n    }\n  );\n  var lazyBookingEntitiesIds = (typeof lazyBookingEntitiesIds === 'undefined') ? [] : lazyBookingEntitiesIds;\n  if (bookingEntitiesIds[bookingEntitiesIds.length - 1].trigger !== '') {\n    lazyBookingEntitiesIds.push(bookingEntitiesIds.pop());\n  }\n  if (typeof hasAppointmentApiCall !== 'undefined' && hasAppointmentApiCall) {\n    hasAppointmentApiCall = false;\n  }\n<\/script>\n\n<div id=\"amelia-app-booking0\" class=\"amelia-booking amelia-frontend amelia-app-booking\">\n  <booking id=\"amelia-step-booking0\"><\/booking>\n<\/div>\n<\/div>\n\n\n\n<p><\/p>\n\n\n\n<div class=\"wp-block-group is-content-justification-right is-nowrap is-layout-flex wp-container-core-group-is-layout-3 wp-block-group-is-layout-flex\">\n<div class=\"wp-block-group wp-container-content-3\"><div class=\"wp-block-group__inner-container is-layout-flow wp-block-group-is-layout-flow\">\n<div style=\"height:8vw\" aria-hidden=\"true\" class=\"wp-block-spacer\"><\/div>\n\n\n\n<figure class=\"wp-block-image size-large wp-container-content-2 wp-duotone-grayscale\"><img decoding=\"async\" width=\"681\" height=\"1024\" data-src=\"https:\/\/lakshmitransformation.com\/wp-content\/uploads\/2025\/04\/THuha-2025-03-31-DSC_0408-Lakshmi-Retreat-Center-Barbara-Da-Cruz-Full-HD-4-681x1024.jpg\" alt=\"\" class=\"wp-image-593 lazyload\" data-srcset=\"https:\/\/lakshmitransformation.com\/wp-content\/uploads\/2025\/04\/THuha-2025-03-31-DSC_0408-Lakshmi-Retreat-Center-Barbara-Da-Cruz-Full-HD-4-681x1024.jpg 681w, https:\/\/lakshmitransformation.com\/wp-content\/uploads\/2025\/04\/THuha-2025-03-31-DSC_0408-Lakshmi-Retreat-Center-Barbara-Da-Cruz-Full-HD-4-8x12.jpg 8w, https:\/\/lakshmitransformation.com\/wp-content\/uploads\/2025\/04\/THuha-2025-03-31-DSC_0408-Lakshmi-Retreat-Center-Barbara-Da-Cruz-Full-HD-4-768x1155.jpg 768w, https:\/\/lakshmitransformation.com\/wp-content\/uploads\/2025\/04\/THuha-2025-03-31-DSC_0408-Lakshmi-Retreat-Center-Barbara-Da-Cruz-Full-HD-4-1022x1536.jpg 1022w, https:\/\/lakshmitransformation.com\/wp-content\/uploads\/2025\/04\/THuha-2025-03-31-DSC_0408-Lakshmi-Retreat-Center-Barbara-Da-Cruz-Full-HD-4-600x902.jpg 600w, https:\/\/lakshmitransformation.com\/wp-content\/uploads\/2025\/04\/THuha-2025-03-31-DSC_0408-Lakshmi-Retreat-Center-Barbara-Da-Cruz-Full-HD-4.jpg 1277w\" data-sizes=\"(max-width: 681px) 100vw, 681px\" src=\"data:image\/gif;base64,R0lGODlhAQABAAAAACH5BAEKAAEALAAAAAABAAEAAAICTAEAOw==\" style=\"--smush-placeholder-width: 681px; --smush-placeholder-aspect-ratio: 681\/1024;\" \/><\/figure>\n<\/div><\/div>\n\n\n\n<figure class=\"wp-block-image size-large wp-container-content-4 wp-duotone-grayscale\"><img decoding=\"async\" width=\"681\" height=\"1024\" data-src=\"https:\/\/lakshmitransformation.com\/wp-content\/uploads\/2025\/04\/THuha-2025-03-31-DSC_0505-Lakshmi-Retreat-Center-Barbara-Da-Cruz-Full-HD-1-681x1024.jpg\" alt=\"\" class=\"wp-image-1461 lazyload\" data-srcset=\"https:\/\/lakshmitransformation.com\/wp-content\/uploads\/2025\/04\/THuha-2025-03-31-DSC_0505-Lakshmi-Retreat-Center-Barbara-Da-Cruz-Full-HD-1-681x1024.jpg 681w, https:\/\/lakshmitransformation.com\/wp-content\/uploads\/2025\/04\/THuha-2025-03-31-DSC_0505-Lakshmi-Retreat-Center-Barbara-Da-Cruz-Full-HD-1-768x1155.jpg 768w, https:\/\/lakshmitransformation.com\/wp-content\/uploads\/2025\/04\/THuha-2025-03-31-DSC_0505-Lakshmi-Retreat-Center-Barbara-Da-Cruz-Full-HD-1-1022x1536.jpg 1022w, https:\/\/lakshmitransformation.com\/wp-content\/uploads\/2025\/04\/THuha-2025-03-31-DSC_0505-Lakshmi-Retreat-Center-Barbara-Da-Cruz-Full-HD-1-8x12.jpg 8w, https:\/\/lakshmitransformation.com\/wp-content\/uploads\/2025\/04\/THuha-2025-03-31-DSC_0505-Lakshmi-Retreat-Center-Barbara-Da-Cruz-Full-HD-1-600x902.jpg 600w, https:\/\/lakshmitransformation.com\/wp-content\/uploads\/2025\/04\/THuha-2025-03-31-DSC_0505-Lakshmi-Retreat-Center-Barbara-Da-Cruz-Full-HD-1.jpg 1277w\" data-sizes=\"(max-width: 681px) 100vw, 681px\" src=\"data:image\/gif;base64,R0lGODlhAQABAAAAACH5BAEKAAEALAAAAAABAAEAAAICTAEAOw==\" style=\"--smush-placeholder-width: 681px; --smush-placeholder-aspect-ratio: 681\/1024;\" \/><\/figure>\n<\/div>\n<\/div>\n<\/div><\/div>\n\n\n\n<p><\/p>","protected":false},"excerpt":{"rendered":"<p>Energy healing is a powerful modality that harnesses the hidden energies within and surrounding us to foster healing, harmony, and a greater sense of&nbsp;self-awareness. What is Energy healing? Energy healing involves using techniques to harmonize the body\u2019s energy fields, helping to restore physical, emotional, and spiritual balance. It is based on the understanding that our [&hellip;]<\/p>","protected":false},"author":1,"featured_media":742,"parent":0,"menu_order":0,"comment_status":"closed","ping_status":"closed","template":"","meta":{"_monsterinsights_skip_tracking":false,"_monsterinsights_sitenote_active":false,"_monsterinsights_sitenote_note":"","_monsterinsights_sitenote_category":0,"footnotes":""},"class_list":["post-490","page","type-page","status-publish","has-post-thumbnail","hentry"],"_links":{"self":[{"href":"https:\/\/lakshmitransformation.com\/hr\/wp-json\/wp\/v2\/pages\/490","targetHints":{"allow":["GET"]}}],"collection":[{"href":"https:\/\/lakshmitransformation.com\/hr\/wp-json\/wp\/v2\/pages"}],"about":[{"href":"https:\/\/lakshmitransformation.com\/hr\/wp-json\/wp\/v2\/types\/page"}],"author":[{"embeddable":true,"href":"https:\/\/lakshmitransformation.com\/hr\/wp-json\/wp\/v2\/users\/1"}],"replies":[{"embeddable":true,"href":"https:\/\/lakshmitransformation.com\/hr\/wp-json\/wp\/v2\/comments?post=490"}],"version-history":[{"count":4,"href":"https:\/\/lakshmitransformation.com\/hr\/wp-json\/wp\/v2\/pages\/490\/revisions"}],"predecessor-version":[{"id":852,"href":"https:\/\/lakshmitransformation.com\/hr\/wp-json\/wp\/v2\/pages\/490\/revisions\/852"}],"wp:featuredmedia":[{"embeddable":true,"href":"https:\/\/lakshmitransformation.com\/hr\/wp-json\/wp\/v2\/media\/742"}],"wp:attachment":[{"href":"https:\/\/lakshmitransformation.com\/hr\/wp-json\/wp\/v2\/media?parent=490"}],"curies":[{"name":"wp","href":"https:\/\/api.w.org\/{rel}","templated":true}]}}