{"id":480,"date":"2025-04-03T16:03:00","date_gmt":"2025-04-03T16:03:00","guid":{"rendered":"https:\/\/lakshmitransformation.com\/?page_id=480"},"modified":"2025-06-11T13:08:37","modified_gmt":"2025-06-11T13:08:37","slug":"therapy-and-walking-therapy","status":"publish","type":"page","link":"https:\/\/lakshmitransformation.com\/hr\/therapy-and-walking-therapy\/","title":{"rendered":"Terapija i Terapija Hodanjem"},"content":{"rendered":"<p>Na\u0161e terapijske seanse temelje se na tjelesno orijentiranim pristupima koji pove\u0107avaju svijest o energetskim vezama izme\u0111u uma, tijela, emocija i du\u0161e, poti\u010du\u0107i holisti\u010dku integraciju i iscjeljenje.<\/p>\n\n\n\n<div style=\"height:100px\" aria-hidden=\"true\" class=\"wp-block-spacer\"><\/div>\n\n\n\n<h2 class=\"wp-block-heading\"><strong>\u0160to je tjelesno orijentirana terapija?<\/strong><\/h2>\n\n\n\n<p>Tjelesno orijentirana terapija je terapeutski pristup koji koristi vezu uma i tijela kako bi se obradile emocije i trauma kroz tjelesnu svijest i pokret, poti\u010du\u0107i iscjeljenje i osobni rast.<\/p>\n\n\n\n<p>Klju\u010dni elementi uklju\u010duju:<br>Sigurno okru\u017eenje za emocionalno otpu\u0161tanje i samoistra\u017eivanje<br>Tehnike disanja za povezivanje s emocijama<br>Pokreti tijela za izra\u017eavanje potisnutih impulsa<\/p>\n\n\n\n<div style=\"height:100px\" aria-hidden=\"true\" class=\"wp-block-spacer\"><\/div>\n\n\n\n<h2 class=\"wp-block-heading\"><strong>\u0160to je terapija hodanjem?<\/strong><\/h2>\n\n\n\n<p>Terapija hodanjem prenosi principe tjelesno orijentirane terapije u prirodu, kombiniraju\u0107i kretanje s iscjeljuju\u0107om energijom prirode. Hodanjem u mirnom\nprirodnom okru\u017eenju tijelo postaje aktivnije, energija slobodno te\u010de i lak\u0161e se povezuju fizi\u010dko, mentalno i emocionalno stanje.<\/p>\n\n\n\n<p>Prednosti uklju\u010duju:<br>Umiruju\u0107e okru\u017eenje koje poti\u010de introspekciju i iscjeljenje<br>Aktivacija mi\u0161i\u0107a za bolji protok energije<br>Pove\u0107ano emocionalno izra\u017eavanje kroz kretanje<\/p>\n\n\n\n<div style=\"height:100px\" aria-hidden=\"true\" class=\"wp-block-spacer\"><\/div>\n\n\n\n<h2 class=\"wp-block-heading\"><strong>Za koga su namijenjeni?<\/strong><\/h2>\n\n\n\n<p>Korisna je za osobe koje se suo\u010davaju s emocionalnim izazovima, psihosomatskim problemima ili kroni\u010dnom boli. U\u010dinkovita je i u radu s\ntraumom. Tako\u0111er je prikladna za one koji \u017eele pove\u0107ati samosvijest, potaknuti osobni razvoj i posti\u0107i skladnu integraciju emocija s umom, tijelom i\nduhom.<\/p>\n\n\n\n<div style=\"height:100px\" aria-hidden=\"true\" class=\"wp-block-spacer\"><\/div>\n\n\n\n<h2 class=\"wp-block-heading\"><strong>\u0160to mo\u017eete o\u010dekivati?<\/strong><\/h2>\n\n\n\n<p>Svaka seansa prilago\u0111ena je va\u0161im individualnim potrebama. Bilo da je rije\u010d o radu u zatvorenom prostoru ili na otvorenom, vodit \u0107u vas kroz vje\u017ebe\ndisanja, svjesno kretanje i terapeutski razgovor kako biste istra\u017eili svoj unutarnji svijet.<\/p>\n\n\n\n<div style=\"height:100px\" aria-hidden=\"true\" class=\"wp-block-spacer\"><\/div>\n\n\n\n<div class=\"wp-block-cover alignfull is-light wp-duotone-unset-1\" style=\"margin-top:0;padding-top:6vw;padding-right:6vw;padding-bottom:6vw;padding-left:6vw\"><span aria-hidden=\"true\" class=\"wp-block-cover__background has-background-dim-100 has-background-dim\" style=\"background-color:#e1aa72\"><\/span><div class=\"wp-block-cover__inner-container is-layout-flow wp-block-cover-is-layout-flow\">\n<div class=\"wp-block-group is-vertical is-content-justification-center is-layout-flex wp-container-core-group-is-layout-4 wp-block-group-is-layout-flex\">\n<div class=\"wp-block-group alignwide wp-container-content-1 is-content-justification-left\"><div class=\"wp-block-group__inner-container is-layout-constrained wp-container-core-group-is-layout-1 wp-block-group-is-layout-constrained\">\n<h2 class=\"wp-block-heading alignwide has-text-align-left has-white-color has-text-color\" style=\"font-size:100px;font-style:normal;font-weight:500;line-height:0.9;text-transform:none\">Priklju\u010di mi se na ovom putovanju<\/h2>\n\n\n\n<div style=\"height:24px\" aria-hidden=\"true\" class=\"wp-block-spacer\"><\/div>\n\n\n\n<p class=\"has-text-align-left has-contrast-color has-text-color\">Napravite prvi korak prema iscjeljenju izlaskom iz zone komfora. Bilo da odaberete energetsko iscjeljivanje, tjelesno orijetiranu terapiju ili terapiju hodanjem, zapo\u010det \u0107ete put samospoznaje i transformacije.<\/p>\n\n\n\n<p><\/p>\n\n\n\n<p><strong>Rezervirajte svoju seansu<\/strong>&nbsp;putem na\u0161eg online kalendara ili nas kontaktirajte\ndirektno.<\/p>\n\n\n\n<p><\/p>\n\n\n\n<div style=\"height:0px\" aria-hidden=\"true\" class=\"wp-block-spacer\"><\/div>\n\n\n\n<div class=\"wp-block-buttons is-content-justification-left is-nowrap is-layout-flex wp-container-core-buttons-is-layout-1 wp-block-buttons-is-layout-flex\">\n<div class=\"wp-block-button has-custom-font-size is-style-fill\" style=\"font-size:16px;font-style:normal;font-weight:500;letter-spacing:0px;text-transform:uppercase\"><a class=\"wp-block-button__link has-base-color has-contrast-background-color has-text-color has-background wp-element-button\" href=\"#wpforms-widget-4\" style=\"border-radius:0px;padding-top:24px;padding-right:48px;padding-bottom:24px;padding-left:48px\">Kontaktiraj nas<\/a><\/div>\n<\/div>\n<\/div><\/div>\n\n\n\n<div class=\"wp-block-amelia-booking-gutenberg-block\">\n<script>\n  if (typeof hasAmeliaAppointment === 'undefined') {\n    var hasAmeliaAppointment = true;\n  }\n  if (typeof hasAppointmentApiCall === 'undefined' && '' === '') {\n    var hasAppointmentApiCall = true;\n  }\n  var hasBookingShortcode = (typeof hasBookingShortcode === 'undefined') ? false : true;\n  var bookingEntitiesIds = (typeof bookingEntitiesIds === 'undefined') ? [] : bookingEntitiesIds;\n  bookingEntitiesIds.push(\n    {\n      'hasApiCall': (typeof hasAppointmentApiCall !== 'undefined') && hasAppointmentApiCall,\n      'trigger': '',\n      'show': '',\n      'counter': '0',\n      'category': '2',\n      'service': '',\n      'employee': '',\n      'location': ''\n    }\n  );\n  var lazyBookingEntitiesIds = (typeof lazyBookingEntitiesIds === 'undefined') ? [] : lazyBookingEntitiesIds;\n  if (bookingEntitiesIds[bookingEntitiesIds.length - 1].trigger !== '') {\n    lazyBookingEntitiesIds.push(bookingEntitiesIds.pop());\n  }\n  if (typeof hasAppointmentApiCall !== 'undefined' && hasAppointmentApiCall) {\n    hasAppointmentApiCall = false;\n  }\n<\/script>\n\n<div id=\"amelia-app-booking0\" class=\"amelia-booking amelia-frontend amelia-app-booking\">\n  <booking id=\"amelia-step-booking0\"><\/booking>\n<\/div>\n<\/div>\n\n\n\n<p><\/p>\n\n\n\n<div class=\"wp-block-group is-content-justification-right is-nowrap is-layout-flex wp-container-core-group-is-layout-3 wp-block-group-is-layout-flex\">\n<div class=\"wp-block-group wp-container-content-3\"><div class=\"wp-block-group__inner-container is-layout-flow wp-block-group-is-layout-flow\">\n<div style=\"height:8vw\" aria-hidden=\"true\" class=\"wp-block-spacer\"><\/div>\n\n\n\n<figure class=\"wp-block-image size-large wp-container-content-2 wp-duotone-grayscale\"><img decoding=\"async\" width=\"681\" height=\"1024\" data-src=\"https:\/\/lakshmitransformation.com\/wp-content\/uploads\/2025\/04\/THuha-2025-03-31-DSC_0408-Lakshmi-Retreat-Center-Barbara-Da-Cruz-Full-HD-4-681x1024.jpg\" alt=\"\" class=\"wp-image-593 lazyload\" data-srcset=\"https:\/\/lakshmitransformation.com\/wp-content\/uploads\/2025\/04\/THuha-2025-03-31-DSC_0408-Lakshmi-Retreat-Center-Barbara-Da-Cruz-Full-HD-4-681x1024.jpg 681w, https:\/\/lakshmitransformation.com\/wp-content\/uploads\/2025\/04\/THuha-2025-03-31-DSC_0408-Lakshmi-Retreat-Center-Barbara-Da-Cruz-Full-HD-4-8x12.jpg 8w, https:\/\/lakshmitransformation.com\/wp-content\/uploads\/2025\/04\/THuha-2025-03-31-DSC_0408-Lakshmi-Retreat-Center-Barbara-Da-Cruz-Full-HD-4-768x1155.jpg 768w, https:\/\/lakshmitransformation.com\/wp-content\/uploads\/2025\/04\/THuha-2025-03-31-DSC_0408-Lakshmi-Retreat-Center-Barbara-Da-Cruz-Full-HD-4-1022x1536.jpg 1022w, https:\/\/lakshmitransformation.com\/wp-content\/uploads\/2025\/04\/THuha-2025-03-31-DSC_0408-Lakshmi-Retreat-Center-Barbara-Da-Cruz-Full-HD-4-600x902.jpg 600w, https:\/\/lakshmitransformation.com\/wp-content\/uploads\/2025\/04\/THuha-2025-03-31-DSC_0408-Lakshmi-Retreat-Center-Barbara-Da-Cruz-Full-HD-4.jpg 1277w\" data-sizes=\"(max-width: 681px) 100vw, 681px\" src=\"data:image\/gif;base64,R0lGODlhAQABAAAAACH5BAEKAAEALAAAAAABAAEAAAICTAEAOw==\" style=\"--smush-placeholder-width: 681px; --smush-placeholder-aspect-ratio: 681\/1024;\" \/><\/figure>\n<\/div><\/div>\n\n\n\n<figure class=\"wp-block-image size-large wp-container-content-4 wp-duotone-grayscale\"><img decoding=\"async\" width=\"681\" height=\"1024\" data-src=\"https:\/\/lakshmitransformation.com\/wp-content\/uploads\/2025\/04\/THuha-2025-03-31-DSC_0505-Lakshmi-Retreat-Center-Barbara-Da-Cruz-Full-HD-1-681x1024.jpg\" alt=\"\" class=\"wp-image-1461 lazyload\" data-srcset=\"https:\/\/lakshmitransformation.com\/wp-content\/uploads\/2025\/04\/THuha-2025-03-31-DSC_0505-Lakshmi-Retreat-Center-Barbara-Da-Cruz-Full-HD-1-681x1024.jpg 681w, https:\/\/lakshmitransformation.com\/wp-content\/uploads\/2025\/04\/THuha-2025-03-31-DSC_0505-Lakshmi-Retreat-Center-Barbara-Da-Cruz-Full-HD-1-768x1155.jpg 768w, https:\/\/lakshmitransformation.com\/wp-content\/uploads\/2025\/04\/THuha-2025-03-31-DSC_0505-Lakshmi-Retreat-Center-Barbara-Da-Cruz-Full-HD-1-1022x1536.jpg 1022w, https:\/\/lakshmitransformation.com\/wp-content\/uploads\/2025\/04\/THuha-2025-03-31-DSC_0505-Lakshmi-Retreat-Center-Barbara-Da-Cruz-Full-HD-1-8x12.jpg 8w, https:\/\/lakshmitransformation.com\/wp-content\/uploads\/2025\/04\/THuha-2025-03-31-DSC_0505-Lakshmi-Retreat-Center-Barbara-Da-Cruz-Full-HD-1-600x902.jpg 600w, https:\/\/lakshmitransformation.com\/wp-content\/uploads\/2025\/04\/THuha-2025-03-31-DSC_0505-Lakshmi-Retreat-Center-Barbara-Da-Cruz-Full-HD-1.jpg 1277w\" data-sizes=\"(max-width: 681px) 100vw, 681px\" src=\"data:image\/gif;base64,R0lGODlhAQABAAAAACH5BAEKAAEALAAAAAABAAEAAAICTAEAOw==\" style=\"--smush-placeholder-width: 681px; --smush-placeholder-aspect-ratio: 681\/1024;\" \/><\/figure>\n<\/div>\n<\/div>\n<\/div><\/div>\n\n\n\n<p><\/p>","protected":false},"excerpt":{"rendered":"<p>Our therapy sessions focus on body-oriented approaches that enhance awareness of the energetic connections between the mind, body, emotions, and soul, promoting holistic integration\u00a0and\u00a0healing. What is Body-Oriented Therapy? Body-oriented therapy is a therapeutic approach that uses the mind-body connection to address emotions and trauma through body awareness and movement, promoting healing and personal\u00a0growth. Key elements [&hellip;]<\/p>","protected":false},"author":1,"featured_media":1030,"parent":0,"menu_order":0,"comment_status":"closed","ping_status":"closed","template":"","meta":{"_monsterinsights_skip_tracking":false,"_monsterinsights_sitenote_active":false,"_monsterinsights_sitenote_note":"","_monsterinsights_sitenote_category":0,"footnotes":""},"class_list":["post-480","page","type-page","status-publish","has-post-thumbnail","hentry"],"_links":{"self":[{"href":"https:\/\/lakshmitransformation.com\/hr\/wp-json\/wp\/v2\/pages\/480","targetHints":{"allow":["GET"]}}],"collection":[{"href":"https:\/\/lakshmitransformation.com\/hr\/wp-json\/wp\/v2\/pages"}],"about":[{"href":"https:\/\/lakshmitransformation.com\/hr\/wp-json\/wp\/v2\/types\/page"}],"author":[{"embeddable":true,"href":"https:\/\/lakshmitransformation.com\/hr\/wp-json\/wp\/v2\/users\/1"}],"replies":[{"embeddable":true,"href":"https:\/\/lakshmitransformation.com\/hr\/wp-json\/wp\/v2\/comments?post=480"}],"version-history":[{"count":13,"href":"https:\/\/lakshmitransformation.com\/hr\/wp-json\/wp\/v2\/pages\/480\/revisions"}],"predecessor-version":[{"id":794,"href":"https:\/\/lakshmitransformation.com\/hr\/wp-json\/wp\/v2\/pages\/480\/revisions\/794"}],"wp:featuredmedia":[{"embeddable":true,"href":"https:\/\/lakshmitransformation.com\/hr\/wp-json\/wp\/v2\/media\/1030"}],"wp:attachment":[{"href":"https:\/\/lakshmitransformation.com\/hr\/wp-json\/wp\/v2\/media?parent=480"}],"curies":[{"name":"wp","href":"https:\/\/api.w.org\/{rel}","templated":true}]}}