{"id":119,"date":"2016-11-30T20:17:53","date_gmt":"2016-11-30T20:17:53","guid":{"rendered":"http:\/\/www.romaonline.ru\/albert\/?page_id=119"},"modified":"2025-12-08T13:50:34","modified_gmt":"2025-12-08T13:50:34","slug":"my_story","status":"publish","type":"page","link":"https:\/\/lakshmitransformation.com\/hr\/my_story\/","title":{"rendered":"Moja pri\u010da"},"content":{"rendered":"<h2 class=\"wp-block-heading\">Tamo gdje se logika susre\u0107e s intuicijom: pri\u010da o integraciji i postajanju<\/h2>\n\n\n\n<p>&nbsp;Moje je putovanje bilo most izme\u0111u dva svijeta \u2014 prizemljene preciznosti logike i suptilne mudrosti intuicije. S diplomom magistra naftnog in\u017eenjerstva i\ngodinama provedenim rade\u0107i i \u017eive\u0107i<br>na razli\u010ditim kontinentima, oblikovala su\nme strukturom, znano\u0161\u0107u i sustavom. No ispod svega, tiho je tinjala \u010de\u017enja \u2014 poziv da upoznam ne samo svijet oko sebe, ve\u0107 i onaj u sebi.<\/p>\n\n\n\n<p><br>Taj me poziv poveo putem joge, energetskog iscjeljivanja, tjelesno orijentirane psihoterapije i tematikom obiteljskih konstelacija. S vremenom sam po\u010dela povezivati sve \u0161to sam nau\u010dila \u2014 Istok<br>i Zapad, um i tijelo, djelovanje i bivanje \u2014 u put koji po\u0161tuje jasno\u0107u uma i znanje du\u0161e.<\/p>\n\n\n\n<p><br>Kroz Lakshmi Tranasformation danas nudim prostor drugima da se vrate sebi \u2014 da iscijele, da se sjete tko su i da \u017eive u potpunosti, iz mjesta gdje se logika i intuicija susre\u0107u, a cjelovitost po\u010dinje.<\/p>\n\n\n\n<p>Danas vodim druge kroz iskustva dubokog odmora, unutarnjeg povezivanja i utjelovljene transformacije \u2014 na mjestima bogatim prirodom i du\u0161om, diljem\nsvijeta.<\/p>\n\n\n\n<div style=\"height:40px\" aria-hidden=\"true\" class=\"wp-block-spacer\"><\/div>\n\n\n\n<p class=\"has-text-align-center\"><em>&#8220;Healing begins when we stop trying to become someone else \u2014 and<br>gently remember who we already are.\u201d<\/em><\/p>\n\n\n\n<div style=\"height:40px\" aria-hidden=\"true\" class=\"wp-block-spacer\"><\/div>\n\n\n\n<blockquote class=\"wp-block-quote has-text-align-center is-style-large is-layout-flow wp-block-quote-is-layout-flow\">\n<div style=\"height:60px\" aria-hidden=\"true\" class=\"wp-block-spacer\"><\/div>\n\n\n\n<p class=\"has-large-font-size\">Don\u2019t try to become. Just be. &#8211; OSHO<\/p>\n\n\n\n<div style=\"height:60px\" aria-hidden=\"true\" class=\"wp-block-spacer\"><\/div>\n<\/blockquote>\n\n\n\n<div style=\"height:40px\" aria-hidden=\"true\" class=\"wp-block-spacer\"><\/div>\n\n\n\n<div class=\"wp-block-group\"><div class=\"wp-block-group__inner-container is-layout-flow wp-block-group-is-layout-flow\">\n<div class=\"wp-block-columns are-vertically-aligned-top is-layout-flex wp-container-core-columns-is-layout-1 wp-block-columns-is-layout-flex\">\n<div class=\"wp-block-column is-vertically-aligned-top is-content-justification-left is-layout-constrained wp-container-core-column-is-layout-1 wp-block-column-is-layout-constrained\" style=\"flex-basis:50%\">\n<h2 class=\"wp-block-heading has-text-align-right\">Posegni<\/h2>\n<\/div>\n\n\n\n<div class=\"wp-block-column is-vertically-aligned-top is-layout-flow wp-block-column-is-layout-flow\" style=\"flex-basis:50%\">\n<p><strong>Po\u0161aljite mi e-mail. <br><\/strong>Mo\u017eemo se upoznati \u2013 mo\u017eemo zajedno iscijeliti. <\/p>\n\n\n\n<div class=\"wp-block-buttons is-layout-flex wp-block-buttons-is-layout-flex\">\n<div class=\"wp-block-button\"><a class=\"wp-block-button__link wp-element-button\" href=\"#wpforms-widget-4\">Kontaktiraj<\/a><\/div>\n<\/div>\n<\/div>\n<\/div>\n\n\n\n<div style=\"height:40px\" aria-hidden=\"true\" class=\"wp-block-spacer\"><\/div>\n<\/div><\/div>\n\n\n\n<div style=\"height:40px\" aria-hidden=\"true\" class=\"wp-block-spacer\"><\/div>\n\n\n<style>.wp-block-kadence-advancedgallery .kb-gallery-type-masonry.kb-gallery-id-119_ab733e-ab{margin:-5px;}.kb-gallery-type-masonry.kb-gallery-id-119_ab733e-ab .kadence-blocks-gallery-item{padding:5px;}.kb-gallery-id-119_ab733e-ab .kadence-blocks-gallery-item .kb-gal-image-radius, .kb-gallery-id-119_ab733e-ab .kb-slide-item .kb-gal-image-radius img{border-radius:0px 0px 0px 0px;;}<\/style><div class=\"kb-gallery-wrap-id-119_ab733e-ab alignnone wp-block-kadence-advancedgallery\"><ul class=\"kb-gallery-ul kb-gallery-non-static kb-gallery-type-masonry kb-masonry-init kb-gallery-id-119_ab733e-ab kb-gallery-caption-style-bottom-hover kb-gallery-filter-none\" data-image-filter=\"none\" data-item-selector=\".kadence-blocks-gallery-item\" data-lightbox-caption=\"true\" data-columns-xxl=\"2\" data-columns-xl=\"2\" data-columns-md=\"2\" data-columns-sm=\"2\" data-columns-xs=\"1\" data-columns-ss=\"1\"><li class=\"kadence-blocks-gallery-item\" tabindex=\"0\"><div class=\"kadence-blocks-gallery-item-inner\"><figure class=\"kb-gallery-figure kadence-blocks-gallery-item-hide-caption\"><div class=\"kb-gal-image-radius\" style=\"max-width:902px;\"><div class=\"kb-gallery-image-contain kadence-blocks-gallery-intrinsic\" style=\"padding-bottom:113%;\"><img decoding=\"async\" data-src=\"https:\/\/lakshmitransformation.com\/wp-content\/uploads\/2025\/11\/IMG_9563-902x1024.jpg\" width=\"902\" height=\"1024\" alt=\"Lakshmi holistic retreats\" data-full-image=\"https:\/\/lakshmitransformation.com\/wp-content\/uploads\/2025\/11\/IMG_9563-scaled.jpg\" data-light-image=\"https:\/\/lakshmitransformation.com\/wp-content\/uploads\/2025\/11\/IMG_9563-scaled.jpg\" data-id=\"1487\" class=\"wp-image-1487 lazyload\" data-srcset=\"https:\/\/lakshmitransformation.com\/wp-content\/uploads\/2025\/11\/IMG_9563-902x1024.jpg 902w, https:\/\/lakshmitransformation.com\/wp-content\/uploads\/2025\/11\/IMG_9563-768x872.jpg 768w, https:\/\/lakshmitransformation.com\/wp-content\/uploads\/2025\/11\/IMG_9563-1353x1536.jpg 1353w, https:\/\/lakshmitransformation.com\/wp-content\/uploads\/2025\/11\/IMG_9563-1804x2048.jpg 1804w, https:\/\/lakshmitransformation.com\/wp-content\/uploads\/2025\/11\/IMG_9563-11x12.jpg 11w, https:\/\/lakshmitransformation.com\/wp-content\/uploads\/2025\/11\/IMG_9563-1920x2180.jpg 1920w, https:\/\/lakshmitransformation.com\/wp-content\/uploads\/2025\/11\/IMG_9563-600x681.jpg 600w\" data-sizes=\"(max-width: 902px) 100vw, 902px\" src=\"data:image\/gif;base64,R0lGODlhAQABAAAAACH5BAEKAAEALAAAAAABAAEAAAICTAEAOw==\" style=\"--smush-placeholder-width: 902px; --smush-placeholder-aspect-ratio: 902\/1024;\" \/><\/div><\/div><\/figure><\/div><\/li><li class=\"kadence-blocks-gallery-item\" tabindex=\"0\"><div class=\"kadence-blocks-gallery-item-inner\"><figure class=\"kb-gallery-figure kadence-blocks-gallery-item-hide-caption\"><div class=\"kb-gal-image-radius\" style=\"max-width:768px;\"><div class=\"kb-gallery-image-contain kadence-blocks-gallery-intrinsic\" style=\"padding-bottom:133%;\"><img decoding=\"async\" data-src=\"https:\/\/lakshmitransformation.com\/wp-content\/uploads\/2025\/11\/IMG_7308-768x1024.jpeg\" width=\"768\" height=\"1024\" alt=\"\" data-full-image=\"https:\/\/lakshmitransformation.com\/wp-content\/uploads\/2025\/11\/IMG_7308-scaled.jpeg\" data-light-image=\"https:\/\/lakshmitransformation.com\/wp-content\/uploads\/2025\/11\/IMG_7308-scaled.jpeg\" data-id=\"1493\" class=\"wp-image-1493 lazyload\" data-srcset=\"https:\/\/lakshmitransformation.com\/wp-content\/uploads\/2025\/11\/IMG_7308-768x1024.jpeg 768w, https:\/\/lakshmitransformation.com\/wp-content\/uploads\/2025\/11\/IMG_7308-1152x1536.jpeg 1152w, https:\/\/lakshmitransformation.com\/wp-content\/uploads\/2025\/11\/IMG_7308-1536x2048.jpeg 1536w, https:\/\/lakshmitransformation.com\/wp-content\/uploads\/2025\/11\/IMG_7308-9x12.jpeg 9w, https:\/\/lakshmitransformation.com\/wp-content\/uploads\/2025\/11\/IMG_7308-scaled.jpeg 1920w, https:\/\/lakshmitransformation.com\/wp-content\/uploads\/2025\/11\/IMG_7308-600x800.jpeg 600w\" data-sizes=\"(max-width: 768px) 100vw, 768px\" src=\"data:image\/gif;base64,R0lGODlhAQABAAAAACH5BAEKAAEALAAAAAABAAEAAAICTAEAOw==\" style=\"--smush-placeholder-width: 768px; --smush-placeholder-aspect-ratio: 768\/1024;\" \/><\/div><\/div><\/figure><\/div><\/li><li class=\"kadence-blocks-gallery-item\" tabindex=\"0\"><div class=\"kadence-blocks-gallery-item-inner\"><figure class=\"kb-gallery-figure kadence-blocks-gallery-item-hide-caption\"><div class=\"kb-gal-image-radius\" style=\"max-width:1024px;\"><div class=\"kb-gallery-image-contain kadence-blocks-gallery-intrinsic\" style=\"padding-bottom:75%;\"><img decoding=\"async\" data-src=\"https:\/\/lakshmitransformation.com\/wp-content\/uploads\/2025\/11\/IMG_6909-1024x768.jpg\" width=\"1024\" height=\"768\" alt=\"\" data-full-image=\"https:\/\/lakshmitransformation.com\/wp-content\/uploads\/2025\/11\/IMG_6909-scaled.jpg\" data-light-image=\"https:\/\/lakshmitransformation.com\/wp-content\/uploads\/2025\/11\/IMG_6909-scaled.jpg\" data-id=\"1496\" class=\"wp-image-1496 lazyload\" data-srcset=\"https:\/\/lakshmitransformation.com\/wp-content\/uploads\/2025\/11\/IMG_6909-1024x768.jpg 1024w, https:\/\/lakshmitransformation.com\/wp-content\/uploads\/2025\/11\/IMG_6909-768x576.jpg 768w, https:\/\/lakshmitransformation.com\/wp-content\/uploads\/2025\/11\/IMG_6909-1536x1152.jpg 1536w, https:\/\/lakshmitransformation.com\/wp-content\/uploads\/2025\/11\/IMG_6909-2048x1536.jpg 2048w, https:\/\/lakshmitransformation.com\/wp-content\/uploads\/2025\/11\/IMG_6909-16x12.jpg 16w, https:\/\/lakshmitransformation.com\/wp-content\/uploads\/2025\/11\/IMG_6909-1920x1440.jpg 1920w, https:\/\/lakshmitransformation.com\/wp-content\/uploads\/2025\/11\/IMG_6909-600x450.jpg 600w\" data-sizes=\"(max-width: 1024px) 100vw, 1024px\" src=\"data:image\/gif;base64,R0lGODlhAQABAAAAACH5BAEKAAEALAAAAAABAAEAAAICTAEAOw==\" style=\"--smush-placeholder-width: 1024px; --smush-placeholder-aspect-ratio: 1024\/768;\" \/><\/div><\/div><\/figure><\/div><\/li><li class=\"kadence-blocks-gallery-item\" tabindex=\"0\"><div class=\"kadence-blocks-gallery-item-inner\"><figure class=\"kb-gallery-figure kadence-blocks-gallery-item-hide-caption\"><div class=\"kb-gal-image-radius\" style=\"max-width:768px;\"><div class=\"kb-gallery-image-contain kadence-blocks-gallery-intrinsic\" style=\"padding-bottom:133%;\"><img decoding=\"async\" data-src=\"https:\/\/lakshmitransformation.com\/wp-content\/uploads\/2025\/12\/IMG_7369-768x1024.jpeg\" width=\"768\" height=\"1024\" alt=\"\" data-full-image=\"https:\/\/lakshmitransformation.com\/wp-content\/uploads\/2025\/12\/IMG_7369-scaled.jpeg\" data-light-image=\"https:\/\/lakshmitransformation.com\/wp-content\/uploads\/2025\/12\/IMG_7369-scaled.jpeg\" data-id=\"1518\" class=\"wp-image-1518 lazyload\" data-srcset=\"https:\/\/lakshmitransformation.com\/wp-content\/uploads\/2025\/12\/IMG_7369-768x1024.jpeg 768w, https:\/\/lakshmitransformation.com\/wp-content\/uploads\/2025\/12\/IMG_7369-1152x1536.jpeg 1152w, https:\/\/lakshmitransformation.com\/wp-content\/uploads\/2025\/12\/IMG_7369-1536x2048.jpeg 1536w, https:\/\/lakshmitransformation.com\/wp-content\/uploads\/2025\/12\/IMG_7369-9x12.jpeg 9w, https:\/\/lakshmitransformation.com\/wp-content\/uploads\/2025\/12\/IMG_7369-scaled.jpeg 1920w, https:\/\/lakshmitransformation.com\/wp-content\/uploads\/2025\/12\/IMG_7369-600x800.jpeg 600w\" data-sizes=\"(max-width: 768px) 100vw, 768px\" src=\"data:image\/gif;base64,R0lGODlhAQABAAAAACH5BAEKAAEALAAAAAABAAEAAAICTAEAOw==\" style=\"--smush-placeholder-width: 768px; --smush-placeholder-aspect-ratio: 768\/1024;\" \/><\/div><\/div><\/figure><\/div><\/li><\/ul><\/div>\n\n\n<div style=\"height:100px\" aria-hidden=\"true\" class=\"wp-block-spacer\"><\/div>","protected":false},"excerpt":{"rendered":"<p>Where Logic Meets Intuition: A Story of Integration and Becoming &nbsp;My journey has been one of bridging two worlds \u2014 the grounded precision of logic and the subtle wisdom of intuition. With a Master\u2019s degree in Petroleum Engineering and years spent living and workingacross continents, I was shaped by structure, science, and systems. Yet, beneath [&hellip;]<\/p>","protected":false},"author":1,"featured_media":1490,"parent":0,"menu_order":11,"comment_status":"closed","ping_status":"closed","template":"","meta":{"_monsterinsights_skip_tracking":false,"_monsterinsights_sitenote_active":false,"_monsterinsights_sitenote_note":"","_monsterinsights_sitenote_category":0,"footnotes":""},"class_list":["post-119","page","type-page","status-publish","has-post-thumbnail","hentry"],"_links":{"self":[{"href":"https:\/\/lakshmitransformation.com\/hr\/wp-json\/wp\/v2\/pages\/119","targetHints":{"allow":["GET"]}}],"collection":[{"href":"https:\/\/lakshmitransformation.com\/hr\/wp-json\/wp\/v2\/pages"}],"about":[{"href":"https:\/\/lakshmitransformation.com\/hr\/wp-json\/wp\/v2\/types\/page"}],"author":[{"embeddable":true,"href":"https:\/\/lakshmitransformation.com\/hr\/wp-json\/wp\/v2\/users\/1"}],"replies":[{"embeddable":true,"href":"https:\/\/lakshmitransformation.com\/hr\/wp-json\/wp\/v2\/comments?post=119"}],"version-history":[{"count":39,"href":"https:\/\/lakshmitransformation.com\/hr\/wp-json\/wp\/v2\/pages\/119\/revisions"}],"predecessor-version":[{"id":1519,"href":"https:\/\/lakshmitransformation.com\/hr\/wp-json\/wp\/v2\/pages\/119\/revisions\/1519"}],"wp:featuredmedia":[{"embeddable":true,"href":"https:\/\/lakshmitransformation.com\/hr\/wp-json\/wp\/v2\/media\/1490"}],"wp:attachment":[{"href":"https:\/\/lakshmitransformation.com\/hr\/wp-json\/wp\/v2\/media?parent=119"}],"curies":[{"name":"wp","href":"https:\/\/api.w.org\/{rel}","templated":true}]}}